{"id":774,"date":"2024-07-12T13:46:24","date_gmt":"2024-07-12T13:46:24","guid":{"rendered":"https:\/\/wearedelaisla.com\/datenschutzbestimmungen\/"},"modified":"2024-10-30T13:41:20","modified_gmt":"2024-10-30T13:41:20","slug":"datenschutzbestimmungen","status":"publish","type":"page","link":"https:\/\/wearedelaisla.com\/de\/datenschutzbestimmungen\/","title":{"rendered":"Datenschutzbestimmungen"},"content":{"rendered":"<p>[et_pb_section fb_built=&#8220;1&#8243; custom_padding_last_edited=&#8220;on|tablet&#8220; _builder_version=&#8220;4.27.2&#8243; _module_preset=&#8220;default&#8220; background_color=&#8220;#F7B3CC&#8220; use_background_color_gradient=&#8220;on&#8220; background_color_gradient_stops=&#8220;#f7b3cc 80%|#ede9e3 100%&#8220; background_enable_image=&#8220;off&#8220; width=&#8220;100%&#8220; max_width=&#8220;100%&#8220; custom_margin=&#8220;-200px||0px||false|false&#8220; custom_padding=&#8220;250px|70px|200px|70px|false|false&#8220; custom_padding_tablet=&#8220;70px|40px|50px|40px|false|false&#8220; custom_padding_phone=&#8220;|20px||20px|false|false&#8220; locked=&#8220;off&#8220; global_colors_info=&#8220;{}&#8220;][et_pb_row _builder_version=&#8220;4.27.2&#8243; _module_preset=&#8220;default&#8220; width=&#8220;100%&#8220; max_width=&#8220;100%&#8220; custom_margin=&#8220;0px||1%||false|false&#8220; custom_margin_tablet=&#8220;200px||55px||false|false&#8220; custom_margin_phone=&#8220;||42px||false|false&#8220; custom_margin_last_edited=&#8220;on|tablet&#8220; custom_padding=&#8220;0px||||false|false&#8220; border_color_bottom=&#8220;#000000&#8243; locked=&#8220;off&#8220; global_colors_info=&#8220;{}&#8220;][et_pb_column type=&#8220;4_4&#8243; _builder_version=&#8220;4.22.0&#8243; _module_preset=&#8220;default&#8220; global_colors_info=&#8220;{}&#8220;][et_pb_text content_tablet=&#8220;<\/p>\n<h1 style=%22text-align: center;%22>DIENSTLEISTUNGEN<\/h1>\n<p>&#8220; content_phone=&#8220;<\/p>\n<h1 style=%22text-align: center;%22>DIENSTLEISTUNGEN<\/h1>\n<p>&#8220; content_last_edited=&#8220;off|desktop&#8220; _builder_version=&#8220;4.27.2&#8243; _module_preset=&#8220;default&#8220; header_font=&#8220;hue-beta|||on|||||&#8220; header_text_align=&#8220;center&#8220; header_text_color=&#8220;#FFFFFF&#8220; header_font_size=&#8220;7vw&#8220; header_line_height=&#8220;0.9em&#8220; max_width=&#8220;70%&#8220; max_width_tablet=&#8220;100%&#8220; max_width_phone=&#8220;100%&#8220; max_width_last_edited=&#8220;on|tablet&#8220; module_alignment=&#8220;center&#8220; custom_margin=&#8220;0px||0px||false|false&#8220; custom_padding=&#8220;0px||0px||false|false&#8220; animation_style=&#8220;slide&#8220; animation_direction=&#8220;bottom&#8220; animation_intensity_slide=&#8220;2%&#8220; animation_speed_curve=&#8220;ease&#8220; header_font_size_tablet=&#8220;11vw&#8220; header_font_size_phone=&#8220;16vw&#8220; header_font_size_last_edited=&#8220;on|tablet&#8220; inline_fonts=&#8220;blitz&#8220; global_colors_info=&#8220;{}&#8220;]<\/p>\n<h1 style=\"text-align: center;\">Datenschutzbestimmungen<\/h1>\n<p>[\/et_pb_text][\/et_pb_column][\/et_pb_row][et_pb_row _builder_version=&#8220;4.27.2&#8243; _module_preset=&#8220;default&#8220; width=&#8220;70%&#8220; width_tablet=&#8220;90%&#8220; width_phone=&#8220;90%&#8220; width_last_edited=&#8220;on|phone&#8220; max_width=&#8220;1300px&#8220; module_alignment=&#8220;center&#8220; custom_margin_tablet=&#8220;40px||40px||false|false&#8220; custom_margin_phone=&#8220;40px||42px||false|false&#8220; custom_margin_last_edited=&#8220;on|tablet&#8220; custom_padding=&#8220;5%||||false|false&#8220; animation_style=&#8220;slide&#8220; animation_direction=&#8220;bottom&#8220; locked=&#8220;off&#8220; global_colors_info=&#8220;{}&#8220;][et_pb_column type=&#8220;4_4&#8243; _builder_version=&#8220;4.22.0&#8243; _module_preset=&#8220;default&#8220; global_colors_info=&#8220;{}&#8220;][et_pb_text _builder_version=&#8220;4.27.2&#8243; _module_preset=&#8220;default&#8220; text_font=&#8220;Lato||||||||&#8220; text_text_color=&#8220;#000000&#8243; text_font_size=&#8220;16px&#8220; header_3_font=&#8220;Lato||||||||&#8220; header_3_text_color=&#8220;#000000&#8243; header_3_font_size=&#8220;20px&#8220; hover_enabled=&#8220;0&#8243; global_colors_info=&#8220;{}&#8220; sticky_enabled=&#8220;0&#8243;]<\/p>\n<h3 style=\"text-align: center;\"><strong>1. Einleitung<\/strong><\/h3>\n<p style=\"text-align: center;\"><strong>delaisla<\/strong> m\u00f6chte die Nutzer seiner Webseite \u00fcber die Politik bez\u00fcglich der Behandlung und des Schutzes der pers\u00f6nlichen Daten derjenigen Personen informieren, die freiwillig per E-Mail mit uns in Kontakt treten oder irgendeinen anderen Dienst im Internet in Anspruch nehmen, der die \u00dcbermittlung ihrer pers\u00f6nlichen Daten beinhaltet.<br \/>In diesem Sinne sind unter personenbezogenen Daten alle Informationen zu verstehen, die sich auf identifizierte oder identifizierbare nat\u00fcrliche Personen beziehen &#8211; einschlie\u00dflich E-Mail-Daten und\/oder IP-Adresse -, und unter Nutzer jede identifizierte oder identifizierbare nat\u00fcrliche Person, die ihre personenbezogenen Daten an <strong>delaisla<\/strong> durch die Nutzung eines beliebigen Dienstes auf der Website der oben genannten Einrichtung \u00fcbermittelt.<\/p>\n<h3 style=\"text-align: center;\"><strong>2. Identifikation der verantwortlichen Stelle<\/strong><\/h3>\n<p style=\"text-align: center;\"><strong>delaisla<\/strong> informiert den Benutzer seiner Webseite \u00fcber das Vorhandensein einer Datei zur Verarbeitung personenbezogener Daten, f\u00fcr die sie verantwortlich ist, mit Sitz in C\/ infanta Pau 2, 9B 07006 Palma, in der die personenbezogenen Daten, die der Benutzer uns mitteilt, gesammelt und gespeichert werden.<\/p>\n<h3 style=\"text-align: center;\"><strong>3.Zweck der Datennutzung<\/strong><\/h3>\n<p style=\"text-align: center;\"><strong>delaisla<\/strong> fordert keine Daten von den Nutzern an, die ihre Webseite besuchen. Die Mitteilung von pers\u00f6nlichen Daten durch den Nutzer \u00fcber die Webseite kann daher nur dann als solche verstanden werden, wenn der Nutzer freiwillig den E-Mail-Service oder die Rubrik \u201eKontakt\u201c nutzt, um mit uns in Verbindung zu treten, da in diesen F\u00e4llen die Verarbeitung der Daten unvermeidlich und mit dem vom Nutzer verwendeten Kommunikationssystem verbunden ist.<br \/>F\u00fcr diese F\u00e4lle und die im folgenden Abschnitt \u201e4\u201c beschriebenen F\u00e4lle informiert wearedelaisla den Benutzer, dass die Verarbeitung der Daten zu folgenden Zwecken erfolgt:<br \/>Durchf\u00fchrung aller Formalit\u00e4ten im Zusammenhang mit dem Abschluss von Vertr\u00e4gen und der Erbringung von Dienstleistungen von wearedelaisla an den Interessenten, der dies in seinem eigenen Namen und in seiner eigenen Vertretung beantragt, Bearbeitung und Beantwortung der eingegangenen Mitteilungen und die Aufrechterhaltung der Gesch\u00e4ftsbeziehungen in der Vergangenheit.<\/p>\n<h3 style=\"text-align: center;\"><strong>4.Einwilligung<\/strong><\/h3>\n<p style=\"text-align: center;\"><strong>delaisla<\/strong> informiert den Nutzer seiner Webseite, dass diese Datenschutzpolitik alle Aspekte im Zusammenhang mit der Behandlung personenbezogener Daten enth\u00e4lt, die wir als Verantwortlicher f\u00fcr diese Daten vornehmen.<br \/>Wenn der Nutzer also keine Gesch\u00e4ftsbeziehungen mit wearedelaisla unterh\u00e4lt, muss er ber\u00fccksichtigen und wird dar\u00fcber informiert, dass das Versenden einer E-Mail oder die \u00dcbermittlung anderer personenbezogener Daten durch den Nutzer seine freie, eindeutige, spezifische, informierte und ausdr\u00fcckliche Zustimmung zur Verarbeitung seiner personenbezogenen Daten zu den in Abschnitt \u201e3\u201c dieser Datenschutzrichtlinie festgelegten Zwecken sowie zur Teilnahme an seiner Kommunikation oder zur \u00dcbermittlung von Informationen beinhaltet oder impliziert. Andernfalls, wenn der Benutzer nicht zustimmt, bitten wir Sie, von der Zusendung von E-Mails oder der \u00dcbermittlung Ihrer pers\u00f6nlichen Daten an <strong>delaisla<\/strong> abzusehen.<\/p>\n<p style=\"text-align: center;\">Aus demselben Grund informiert <strong>delaisla<\/strong>, dass, wenn der Nutzer eine E-Mail sendet oder seine pers\u00f6nlichen Daten aufgrund seiner Position in einem Unternehmen &#8211; sei es als Verwalter, Manager, Vertreter und\/oder in einer anderen Position als Kontaktperson im Unternehmen &#8211; mitteilt, dies als eindeutige, freie, spezifische, informierte und ausdr\u00fcckliche Zustimmung zur Behandlung seiner pers\u00f6nlichen Daten zu den in Abschnitt \u201e3\u201c dieser Datenschutzrichtlinie festgelegten Zwecken sowie zur Teilnahme an seiner Kommunikation oder zur \u00dcbermittlung von Informationen verstanden wird. E<\/p>\n<h3 style=\"text-align: center;\"><strong><span style=\"color: #333333; font-size: 22px;\">5.<\/span>Informationsanfragen<\/strong><\/h3>\n<p style=\"text-align: center;\">Wenn der Nutzer, entweder im eigenen Namen und in eigener Vertretung oder in Vertretung oder im Auftrag einer juristischen Person, der Ansicht ist, dass die in dieser Datenschutzerkl\u00e4rung enthaltenen Informationen nicht ausreichen oder es ihnen an Klarheit, Spezifizit\u00e4t oder Information mangelt, bitten wir Sie, bevor Sie uns eine E-Mail und damit Ihre pers\u00f6nlichen Daten schicken, die zus\u00e4tzlichen Informationen anzufordern, die Sie f\u00fcr notwendig erachten, indem Sie eine schriftliche Mitteilung per Post an die in Abschnitt \u201e2\u201c dieser Datenschutzerkl\u00e4rung angegebene Sozialadresse schicken.<\/p>\n<h3 style=\"text-align: center;\"><strong>6. Datenweitergabe an Dritte<\/strong><\/h3>\n<p style=\"text-align: center;\"><strong>delaisla<\/strong> beabsichtigt nur, Daten\u00fcbermittlungen oder -\u00fcbermittlungen durchzuf\u00fchren, die gem\u00e4\u00df Artikel 11.2.c. des Organgesetzes 15\/99 \u00fcber den Schutz personenbezogener Daten (im Folgenden LOPD) muss durchgef\u00fchrt werden, um seinen Verpflichtungen gegen\u00fcber den \u00f6ffentlichen Verwaltungen in den F\u00e4llen nachzukommen, in denen dies gem\u00e4\u00df der jeweils geltenden Gesetzgebung jederzeit und in jedem Fall erforderlich ist Sie k\u00f6nnen Ihren Fall auch an andere Stellen wie Richter, Staatsanwaltschaft, Gerichte, Rechnungshof oder Ombudsmann weiterleiten.<\/p>\n<p style=\"text-align: center;\"><strong>delaisla<\/strong> informiert den Nutzer dar\u00fcber, dass ihm jede weitere Daten\u00fcbermittlung, die durchgef\u00fchrt werden muss, zur Kenntnis gebracht wird, wenn dies vom LOPD vorgesehen ist, und informiert ihn ausdr\u00fccklich und eindeutig \u00fcber die Empf\u00e4nger der Informationen und \u00fcber den Zweck, zu dem die Daten \u00fcbermittelt werden Daten verwendet werden, und die Art der \u00fcbertragenen Daten oder, sofern zutreffend, wenn das LOPD dies festlegt, wird zuvor eine eindeutige, spezifische und informierte Zustimmung vom Benutzer eingeholt.<\/p>\n<h3 style=\"text-align: center;\"><strong>7. Andere Empf\u00e4nger<\/strong><\/h3>\n<p style=\"text-align: center;\">Ungeachtet der Bestimmungen des vorherigen Abschnitts informiert <strong>delaisla <\/strong>den Benutzer dar\u00fcber, dass jede Verarbeitung personenbezogener Daten den in Spanien geltenden Rechtsvorschriften zum Datenschutz unterliegt, die durch das LOPD und seine erg\u00e4nzenden und sich entwickelnden Vorschriften festgelegt wurden. In diesem Sinne ist wearedelaisla nur f\u00fcr die Vertraulichkeit, Sicherheit und Verarbeitung der Daten gem\u00e4\u00df dieser Richtlinie in Bezug auf die vom Benutzer \u00fcber die Website <a href=\"http:\/\/www.wearedelaisla.com\">www.wearedelaisla.com <\/a>angeforderten personenbezogenen Daten verantwortlich und garantiert diese und \u00fcbernimmt keinerlei Verantwortung \u00fcber die Verarbeitung und anschlie\u00dfende Verwendung personenbezogener Daten durch Drittanbieter von Diensten der Informationsgesellschaft, die aufgrund der Bereitstellung ihrer Dienste oder der Aus\u00fcbung ihrer T\u00e4tigkeit m\u00f6glicherweise auf diese Daten zugreifen. Unter Drittanbietern von Diensten der Informationsgesellschaft werden \u2013 ohne Einschr\u00e4nkung \u2013 diejenigen nat\u00fcrlichen oder juristischen Personen verstanden, die folgende Dienste erbringen:<br \/>a) \u00dcbermittlung der von den Empf\u00e4ngern des Dienstes bereitgestellten Daten \u00fcber ein Kommunikationsnetz. b) Zugriff auf Dienste zum oben genannten Netzwerk. c) Datenspeicher- oder Hosting-Dienste. d) Bereitstellung von Inhalten oder Informationen.<\/p>\n<p style=\"text-align: center;\">Ebenso ist <strong>delaisla<\/strong> nicht verantwortlich f\u00fcr die Datenverarbeitung durch Dritte, die Hyperlinks zu uns herstellen, noch f\u00fcr die Verantwortlichen, an die <strong>delaisla <\/strong>seine Besucher \u00fcber Hyperlinks weiterleitet.<\/p>\n<h3 style=\"text-align: center;\"><strong>8. Datenqualit\u00e4t<\/strong><\/h3>\n<p style=\"text-align: center;\"><strong>delaisla<\/strong> weist den Nutzer darauf hin, dass, abgesehen vom Bestehen einer gesetzlich verankerten Vertretung, kein Nutzer die Identit\u00e4t einer anderen Person nutzen und deren personenbezogene Daten mitteilen kann Dazu geh\u00f6ren personenbezogene Daten, die Ihrer eigenen Identit\u00e4t entsprechen und angemessen, relevant, aktuell, genau und wahr sind. F\u00fcr diese Zwecke tr\u00e4gt der Nutzer die alleinige Verantwortung f\u00fcr alle direkten und\/oder indirekten Sch\u00e4den, die Dritten oder Wearedelaisla durch die Verwendung der personenbezogenen Daten einer anderen Person oder seiner eigenen personenbezogenen Daten entstehen, wenn diese falsch, fehlerhaft, nicht aktuell oder unangemessen sind oder unversch\u00e4mt. Ebenso muss der Benutzer, der die personenbezogenen Daten eines Dritten verwendet, diesem gegen\u00fcber die in Artikel 5.4 des LOPD festgelegte Informationspflicht f\u00fcr den Fall, dass die personenbezogenen Daten nicht bei dem Interessenten erhoben wurden, und\/oder f\u00fcr die Folgen von ihn nicht informiert zu haben.<\/p>\n<h3 style=\"text-align: center;\"><strong>9. Daten von Minderj\u00e4hrigen<\/strong><\/h3>\n<p style=\"text-align: center;\">Wenn der Benutzer minderj\u00e4hrig oder handlungsunf\u00e4hig ist, weist <strong>delaisla <\/strong>darauf hin, dass f\u00fcr die \u00dcbermittlung seiner personenbezogenen Daten die Zustimmung seiner Eltern, Erziehungsberechtigten oder gesetzlichen Vertreter eingeholt werden muss. Daher bitten wir ihn, den E-Mail-Dienst nicht zu nutzen, wenn er nicht \u00fcber die Zustimmung verf\u00fcgt Zustimmung der Eltern, Erziehungsberechtigten oder gesetzlichen Vertreter, andernfalls haften diese nicht f\u00fcr die Handlungen der minderj\u00e4hrigen oder gesch\u00e4ftsunf\u00e4higen Person.<\/p>\n<h3 style=\"text-align: center;\"><strong>10. Aktualisierung der Daten<\/strong><\/h3>\n<p style=\"text-align: center;\">Der Benutzer ist die einzige Informationsquelle f\u00fcr seine pers\u00f6nlichen Daten. Um seine Daten jederzeit gem\u00e4\u00df den Grunds\u00e4tzen des LOPD auf dem neuesten Stand zu halten, wenden Sie sich bitte an die angegebene Adresse Zugangs-, Berichtigungs-, L\u00f6schungs- und Widerspruchsrechte sowie etwaige \u00c4nderungen davon sowie gegebenenfalls die Einstellung seiner T\u00e4tigkeit in dem von ihm vertretenen Unternehmen, um mit der L\u00f6schung und\/oder historischen Behandlung derselben fortzufahren.<\/p>\n<h3 style=\"text-align: center;\"><strong>11. Rechte auf Widerspruch, Auskunft, Berichtigung und L\u00f6schung<\/strong><\/h3>\n<p style=\"text-align: center;\"><strong>delaisla<\/strong> informiert den Nutzer \u00fcber die M\u00f6glichkeit, seine Rechte auf Zugang, Berichtigung, L\u00f6schung und Widerspruch auszu\u00fcben, indem er eine schriftliche Anfrage zusammen mit seinem Ausweis an die folgende Adresse sendet: C\/ infanta Pau 2, 9B 07006 Palma, oder die an ihre Stelle tretende Adresse es und kommuniziert im Allgemeinen Datenschutzregister.<\/p>\n<p>[\/et_pb_text][et_pb_button button_url=&#8220;https:\/\/wearedelaisla.com\/de\/&#8220; button_text=&#8220;ZUR\u00dcCK NACH OBEN&#8220; button_alignment=&#8220;center&#8220; button_alignment_tablet=&#8220;center&#8220; button_alignment_phone=&#8220;center&#8220; button_alignment_last_edited=&#8220;on|tablet&#8220; _builder_version=&#8220;4.27.2&#8243; _module_preset=&#8220;default&#8220; custom_button=&#8220;on&#8220; button_text_size=&#8220;12px&#8220; button_text_color=&#8220;#000000&#8243; button_bg_color=&#8220;RGBA(255,255,255,0)&#8220; button_border_width=&#8220;1px&#8220; button_border_color=&#8220;#000000&#8243; button_border_radius=&#8220;50px&#8220; button_letter_spacing=&#8220;2px&#8220; button_font=&#8220;Lato|900||on|||||&#8220; button_use_icon=&#8220;off&#8220; custom_margin=&#8220;0px|0px|0px|0px|false|false&#8220; custom_margin_tablet=&#8220;0px|0px|0px|0px|false|false&#8220; custom_margin_phone=&#8220;0px|0px|0px|0px|false|false&#8220; custom_margin_last_edited=&#8220;off|desktop&#8220; custom_padding=&#8220;19px|47px|19px|47px|true|true&#8220; animation_style=&#8220;fade&#8220; custom_css_main_element=&#8220;display:inline-block;||vertical-align:5.6vw;||||animation-name: updown;||    animation-duration: 3s;||    animation-iteration-count: infinite;||    animation-timing-function: ease-in-out;||    margin-left: 0px;||    margin-top: 0px;||}||||@keyframes updown {||    from { transform: translate(0,  15px); }||    50%  { transform: translate(0, -15px); }||    to   { transform: translate(0, 15px); }    ||&#8220; locked=&#8220;off&#8220; global_colors_info=&#8220;{}&#8220; button_bg_color__hover_enabled=&#8220;on|hover&#8220; button_bg_color__hover=&#8220;#FFFFFF&#8220; button_bg_enable_color__hover=&#8220;on&#8220; button_border_color__hover_enabled=&#8220;on|hover&#8220; button_border_color__hover=&#8220;#FFFFFF&#8220;][\/et_pb_button][\/et_pb_column][\/et_pb_row][\/et_pb_section]<\/p>\n","protected":false},"excerpt":{"rendered":"<p>Datenschutzbestimmungen1. Einleitung delaisla m\u00f6chte die Nutzer seiner Webseite \u00fcber die Politik bez\u00fcglich der Behandlung und des Schutzes der pers\u00f6nlichen Daten derjenigen Personen informieren, die freiwillig per E-Mail mit uns in Kontakt treten oder irgendeinen anderen Dienst im Internet in Anspruch nehmen, der die \u00dcbermittlung ihrer pers\u00f6nlichen Daten beinhaltet.In diesem Sinne sind unter personenbezogenen Daten alle [&hellip;]<\/p>\n","protected":false},"author":1,"featured_media":0,"parent":0,"menu_order":0,"comment_status":"closed","ping_status":"open","template":"","meta":{"_et_pb_use_builder":"on","_et_pb_old_content":"","_et_gb_content_width":"","footnotes":""},"class_list":["post-774","page","type-page","status-publish","hentry"],"yoast_head":"<!-- This site is optimized with the Yoast SEO plugin v27.4 - https:\/\/yoast.com\/product\/yoast-seo-wordpress\/ -->\n<title>Datenschutzbestimmungen | DeLaIsla<\/title>\n<meta name=\"robots\" content=\"noindex, nofollow\" \/>\n<meta property=\"og:locale\" content=\"de_DE\" \/>\n<meta property=\"og:type\" content=\"article\" \/>\n<meta property=\"og:title\" content=\"Datenschutzbestimmungen | DeLaIsla\" \/>\n<meta property=\"og:description\" content=\"Datenschutzbestimmungen1. Einleitung delaisla m\u00f6chte die Nutzer seiner Webseite \u00fcber die Politik bez\u00fcglich der Behandlung und des Schutzes der pers\u00f6nlichen Daten derjenigen Personen informieren, die freiwillig per E-Mail mit uns in Kontakt treten oder irgendeinen anderen Dienst im Internet in Anspruch nehmen, der die \u00dcbermittlung ihrer pers\u00f6nlichen Daten beinhaltet.In diesem Sinne sind unter personenbezogenen Daten alle [&hellip;]\" \/>\n<meta property=\"og:url\" content=\"https:\/\/wearedelaisla.com\/de\/datenschutzbestimmungen\/\" \/>\n<meta property=\"og:site_name\" content=\"Delaisla\" \/>\n<meta property=\"article:modified_time\" content=\"2024-10-30T13:41:20+00:00\" \/>\n<meta name=\"twitter:card\" content=\"summary_large_image\" \/>\n<meta name=\"twitter:label1\" content=\"Gesch\u00e4tzte Lesezeit\" \/>\n\t<meta name=\"twitter:data1\" content=\"6\u00a0Minuten\" \/>\n<script type=\"application\/ld+json\" class=\"yoast-schema-graph\">{\"@context\":\"https:\\\/\\\/schema.org\",\"@graph\":[{\"@type\":\"WebPage\",\"@id\":\"https:\\\/\\\/wearedelaisla.com\\\/de\\\/datenschutzbestimmungen\\\/\",\"url\":\"https:\\\/\\\/wearedelaisla.com\\\/de\\\/datenschutzbestimmungen\\\/\",\"name\":\"Datenschutzbestimmungen | DeLaIsla\",\"isPartOf\":{\"@id\":\"https:\\\/\\\/wearedelaisla.com\\\/de\\\/#website\"},\"datePublished\":\"2024-07-12T13:46:24+00:00\",\"dateModified\":\"2024-10-30T13:41:20+00:00\",\"breadcrumb\":{\"@id\":\"https:\\\/\\\/wearedelaisla.com\\\/de\\\/datenschutzbestimmungen\\\/#breadcrumb\"},\"inLanguage\":\"de\",\"potentialAction\":[{\"@type\":\"ReadAction\",\"target\":[\"https:\\\/\\\/wearedelaisla.com\\\/de\\\/datenschutzbestimmungen\\\/\"]}]},{\"@type\":\"BreadcrumbList\",\"@id\":\"https:\\\/\\\/wearedelaisla.com\\\/de\\\/datenschutzbestimmungen\\\/#breadcrumb\",\"itemListElement\":[{\"@type\":\"ListItem\",\"position\":1,\"name\":\"Portada\",\"item\":\"https:\\\/\\\/wearedelaisla.com\\\/de\\\/\"},{\"@type\":\"ListItem\",\"position\":2,\"name\":\"Datenschutzbestimmungen\"}]},{\"@type\":\"WebSite\",\"@id\":\"https:\\\/\\\/wearedelaisla.com\\\/de\\\/#website\",\"url\":\"https:\\\/\\\/wearedelaisla.com\\\/de\\\/\",\"name\":\"Delaisla\",\"description\":\"Eventos hay muchos, pero como el que podemos organizar nosotros, pocos.\",\"potentialAction\":[{\"@type\":\"SearchAction\",\"target\":{\"@type\":\"EntryPoint\",\"urlTemplate\":\"https:\\\/\\\/wearedelaisla.com\\\/de\\\/?s={search_term_string}\"},\"query-input\":{\"@type\":\"PropertyValueSpecification\",\"valueRequired\":true,\"valueName\":\"search_term_string\"}}],\"inLanguage\":\"de\"}]}<\/script>\n<!-- \/ Yoast SEO plugin. -->","yoast_head_json":{"title":"Datenschutzbestimmungen | DeLaIsla","robots":{"index":"noindex","follow":"nofollow"},"og_locale":"de_DE","og_type":"article","og_title":"Datenschutzbestimmungen | DeLaIsla","og_description":"Datenschutzbestimmungen1. Einleitung delaisla m\u00f6chte die Nutzer seiner Webseite \u00fcber die Politik bez\u00fcglich der Behandlung und des Schutzes der pers\u00f6nlichen Daten derjenigen Personen informieren, die freiwillig per E-Mail mit uns in Kontakt treten oder irgendeinen anderen Dienst im Internet in Anspruch nehmen, der die \u00dcbermittlung ihrer pers\u00f6nlichen Daten beinhaltet.In diesem Sinne sind unter personenbezogenen Daten alle [&hellip;]","og_url":"https:\/\/wearedelaisla.com\/de\/datenschutzbestimmungen\/","og_site_name":"Delaisla","article_modified_time":"2024-10-30T13:41:20+00:00","twitter_card":"summary_large_image","twitter_misc":{"Gesch\u00e4tzte Lesezeit":"6\u00a0Minuten"},"schema":{"@context":"https:\/\/schema.org","@graph":[{"@type":"WebPage","@id":"https:\/\/wearedelaisla.com\/de\/datenschutzbestimmungen\/","url":"https:\/\/wearedelaisla.com\/de\/datenschutzbestimmungen\/","name":"Datenschutzbestimmungen | DeLaIsla","isPartOf":{"@id":"https:\/\/wearedelaisla.com\/de\/#website"},"datePublished":"2024-07-12T13:46:24+00:00","dateModified":"2024-10-30T13:41:20+00:00","breadcrumb":{"@id":"https:\/\/wearedelaisla.com\/de\/datenschutzbestimmungen\/#breadcrumb"},"inLanguage":"de","potentialAction":[{"@type":"ReadAction","target":["https:\/\/wearedelaisla.com\/de\/datenschutzbestimmungen\/"]}]},{"@type":"BreadcrumbList","@id":"https:\/\/wearedelaisla.com\/de\/datenschutzbestimmungen\/#breadcrumb","itemListElement":[{"@type":"ListItem","position":1,"name":"Portada","item":"https:\/\/wearedelaisla.com\/de\/"},{"@type":"ListItem","position":2,"name":"Datenschutzbestimmungen"}]},{"@type":"WebSite","@id":"https:\/\/wearedelaisla.com\/de\/#website","url":"https:\/\/wearedelaisla.com\/de\/","name":"Delaisla","description":"Eventos hay muchos, pero como el que podemos organizar nosotros, pocos.","potentialAction":[{"@type":"SearchAction","target":{"@type":"EntryPoint","urlTemplate":"https:\/\/wearedelaisla.com\/de\/?s={search_term_string}"},"query-input":{"@type":"PropertyValueSpecification","valueRequired":true,"valueName":"search_term_string"}}],"inLanguage":"de"}]}},"_links":{"self":[{"href":"https:\/\/wearedelaisla.com\/de\/wp-json\/wp\/v2\/pages\/774","targetHints":{"allow":["GET"]}}],"collection":[{"href":"https:\/\/wearedelaisla.com\/de\/wp-json\/wp\/v2\/pages"}],"about":[{"href":"https:\/\/wearedelaisla.com\/de\/wp-json\/wp\/v2\/types\/page"}],"author":[{"embeddable":true,"href":"https:\/\/wearedelaisla.com\/de\/wp-json\/wp\/v2\/users\/1"}],"replies":[{"embeddable":true,"href":"https:\/\/wearedelaisla.com\/de\/wp-json\/wp\/v2\/comments?post=774"}],"version-history":[{"count":11,"href":"https:\/\/wearedelaisla.com\/de\/wp-json\/wp\/v2\/pages\/774\/revisions"}],"predecessor-version":[{"id":1348,"href":"https:\/\/wearedelaisla.com\/de\/wp-json\/wp\/v2\/pages\/774\/revisions\/1348"}],"wp:attachment":[{"href":"https:\/\/wearedelaisla.com\/de\/wp-json\/wp\/v2\/media?parent=774"}],"curies":[{"name":"wp","href":"https:\/\/api.w.org\/{rel}","templated":true}]}}