{"id":768,"date":"2024-07-12T13:46:24","date_gmt":"2024-07-12T13:46:24","guid":{"rendered":"https:\/\/wearedelaisla.com\/cookie-richtlinie\/"},"modified":"2024-10-27T12:14:03","modified_gmt":"2024-10-27T12:14:03","slug":"cookie-richtlinie","status":"publish","type":"page","link":"https:\/\/wearedelaisla.com\/de\/cookie-richtlinie\/","title":{"rendered":"Cookie-Richtlinie"},"content":{"rendered":"<p>[et_pb_section fb_built=&#8220;1&#8243; custom_padding_last_edited=&#8220;on|tablet&#8220; _builder_version=&#8220;4.27.2&#8243; _module_preset=&#8220;default&#8220; background_color=&#8220;#F7B3CC&#8220; use_background_color_gradient=&#8220;on&#8220; background_color_gradient_stops=&#8220;#f7b3cc 80%|#ede9e3 100%&#8220; background_enable_image=&#8220;off&#8220; width=&#8220;100%&#8220; max_width=&#8220;100%&#8220; custom_margin=&#8220;-200px||0px||false|false&#8220; custom_padding=&#8220;250px|70px|200px|70px|false|false&#8220; custom_padding_tablet=&#8220;70px|40px|50px|40px|false|false&#8220; custom_padding_phone=&#8220;|20px||20px|false|false&#8220; locked=&#8220;off&#8220; global_colors_info=&#8220;{}&#8220;][et_pb_row _builder_version=&#8220;4.27.2&#8243; _module_preset=&#8220;default&#8220; width=&#8220;100%&#8220; max_width=&#8220;100%&#8220; custom_margin=&#8220;0px||1%||false|false&#8220; custom_margin_tablet=&#8220;200px||55px||false|false&#8220; custom_margin_phone=&#8220;||42px||false|false&#8220; custom_margin_last_edited=&#8220;on|tablet&#8220; custom_padding=&#8220;0px||||false|false&#8220; border_color_bottom=&#8220;#000000&#8243; locked=&#8220;off&#8220; global_colors_info=&#8220;{}&#8220;][et_pb_column type=&#8220;4_4&#8243; _builder_version=&#8220;4.22.0&#8243; _module_preset=&#8220;default&#8220; global_colors_info=&#8220;{}&#8220;][et_pb_text content_tablet=&#8220;<\/p>\n<h1 style=%22text-align: center;%22>DIENSTLEISTUNGEN<\/h1>\n<p>&#8220; content_phone=&#8220;<\/p>\n<h1 style=%22text-align: center;%22>DIENSTLEISTUNGEN<\/h1>\n<p>&#8220; content_last_edited=&#8220;off|desktop&#8220; _builder_version=&#8220;4.27.2&#8243; _module_preset=&#8220;default&#8220; header_font=&#8220;hue-beta|||on|||||&#8220; header_text_align=&#8220;center&#8220; header_text_color=&#8220;#FFFFFF&#8220; header_font_size=&#8220;7vw&#8220; header_line_height=&#8220;0.9em&#8220; max_width=&#8220;60%&#8220; max_width_tablet=&#8220;100%&#8220; max_width_phone=&#8220;100%&#8220; max_width_last_edited=&#8220;on|phone&#8220; module_alignment=&#8220;center&#8220; custom_margin=&#8220;0px||0px||false|false&#8220; custom_padding=&#8220;0px||0px||false|false&#8220; animation_style=&#8220;slide&#8220; animation_direction=&#8220;bottom&#8220; animation_intensity_slide=&#8220;2%&#8220; animation_speed_curve=&#8220;ease&#8220; hover_enabled=&#8220;0&#8243; header_font_size_tablet=&#8220;14vw&#8220; header_font_size_phone=&#8220;14vw&#8220; header_font_size_last_edited=&#8220;on|phone&#8220; inline_fonts=&#8220;blitz&#8220; global_colors_info=&#8220;{}&#8220; sticky_enabled=&#8220;0&#8243;]<\/p>\n<h1 style=\"text-align: center;\">Cookie-Richtlinie<\/h1>\n<p>[\/et_pb_text][\/et_pb_column][\/et_pb_row][et_pb_row _builder_version=&#8220;4.27.2&#8243; _module_preset=&#8220;default&#8220; width=&#8220;70%&#8220; width_tablet=&#8220;90%&#8220; width_phone=&#8220;90%&#8220; width_last_edited=&#8220;on|phone&#8220; max_width=&#8220;1300px&#8220; module_alignment=&#8220;center&#8220; custom_margin_tablet=&#8220;40px||40px||false|false&#8220; custom_margin_phone=&#8220;40px||42px||false|false&#8220; custom_margin_last_edited=&#8220;on|tablet&#8220; custom_padding=&#8220;5%||||false|false&#8220; animation_style=&#8220;slide&#8220; animation_direction=&#8220;bottom&#8220; locked=&#8220;off&#8220; global_colors_info=&#8220;{}&#8220;][et_pb_column type=&#8220;4_4&#8243; _builder_version=&#8220;4.22.0&#8243; _module_preset=&#8220;default&#8220; global_colors_info=&#8220;{}&#8220;][et_pb_text _builder_version=&#8220;4.27.2&#8243; _module_preset=&#8220;default&#8220; text_font=&#8220;Lato||||||||&#8220; text_text_color=&#8220;#000000&#8243; text_font_size=&#8220;16px&#8220; link_font=&#8220;||||on||||&#8220; link_text_color=&#8220;#000000&#8243; link_font_size=&#8220;16px&#8220; header_3_font=&#8220;Lato||||||||&#8220; header_3_text_color=&#8220;#000000&#8243; header_3_font_size=&#8220;20px&#8220; hover_enabled=&#8220;0&#8243; global_colors_info=&#8220;{}&#8220; sticky_enabled=&#8220;0&#8243;]<\/p>\n<h3 style=\"text-align: center;\">1. Die Definition und die Funktionen von Cookies.<\/h3>\n<p class=\"p1\" style=\"text-align: center;\">Ein Cookie ist eine Datei, die auf den Computer des Nutzers heruntergeladen wird, wenn dieser auf bestimmte Websites zugreift. Cookies erm\u00f6glichen es der Website unter anderem, Informationen \u00fcber die Surfgewohnheiten des Nutzers oder seines Ger\u00e4ts zu speichern und abzurufen, und je nach den darin enthaltenen Informationen und der Art und Weise, wie er sein Ger\u00e4t benutzt, k\u00f6nnen sie zur Wiedererkennung des Nutzers verwendet werden.<\/p>\n<h3 class=\"p1\" style=\"text-align: center;\">2. Arten von Cookies, die von dieser Website verwendet werden k\u00f6nnen.<\/h3>\n<p style=\"text-align: center;\"><strong>Eigene Cookies:<\/strong> Es handelt sich um Cookies, die von einem Computer oder einer Dom\u00e4ne, die vom Eigent\u00fcmer verwaltet wird und von der aus die vom Benutzer angeforderte Dienstleistung erbracht wird, an das Endger\u00e4t des Benutzers gesendet werden.<br \/><strong>Funktionale Cookies:<\/strong> Dies sind diejenigen, die f\u00fcr das korrekte Funktionieren der Website erforderlich sind.<\/p>\n<h3 class=\"p1\" style=\"text-align: center;\">3. Widerruf und L\u00f6schung von Cookies.<\/h3>\n<p style=\"text-align: center;\">Der Nutzer kann die auf seinem Computer installierten Cookies zulassen, blockieren oder l\u00f6schen, indem er die Optionen des installierten Browsers konfiguriert. Wenn Sie die Installation von Cookies in Ihrem Browser nicht zulassen, k\u00f6nnen Sie m\u00f6glicherweise auf einige Bereiche der Website nicht zugreifen. Informationen zur Konfiguration von Cookies in Abh\u00e4ngigkeit vom verwendeten Browser finden Sie unter den folgenden Links (die Links sind zum Zeitpunkt der Ver\u00f6ffentlichung dieses Textes g\u00fcltig)<\/p>\n<p style=\"text-align: center;\">Weitere Informationen dar\u00fcber, wie Sie die Verwendung von Cookies in <strong>Chrome blockieren k\u00f6nnen <\/strong><strong><a href=\"https:\/\/support.google.com\/chrome\/?hl=es&amp;amp;answer=95647\">https:\/\/support.google.com\/chrome\/?hl=es&amp;amp;answer=95647<\/a>\u00a0<\/strong><\/p>\n<p style=\"text-align: center;\">Weitere Informationen dar\u00fcber, wie Sie die Verwendung von Cookies in <strong>Firefox<\/strong> blockieren k\u00f6nnen, finden Sie unter<br \/><strong><a href=\"http:\/\/support.mozilla.org\/es\/kb\/habilitar-y-deshabilitar-cookies-que-los-sitios-we\">https:\/\/support.mozilla.org\/es\/kb\/habilitar-y-deshabilitar-cookies-que-los-sitios-we<\/a><\/strong><\/p>\n<p style=\"text-align: center;\">Weitere Informationen dar\u00fcber, wie Sie die Verwendung von Cookies in <strong>Edge<\/strong> blockieren k\u00f6nnen, finden Sie unter<br \/><strong><a href=\"https:\/\/support.microsoft.com\/es-es\/windows?ui=es-ES&amp;amp;rs=es-ES&amp;amp;ad=ES\">https:\/\/support.microsoft.com\/es-es\/windows?ui=es-ES&amp;amp;rs=es-ES&amp;amp;ad=ES<\/a><\/strong><\/p>\n<p style=\"text-align: center;\">Weitere Informationen dar\u00fcber, wie Sie die Verwendung von Cookies in <strong>Safari<\/strong> blockieren k\u00f6nnen<br \/><strong><a href=\"http:\/\/support.apple.com\/kb\/ph5042\">https:\/\/support.apple.com\/kb\/ph5042<\/a><\/strong><\/p>\n<p class=\"p1\" style=\"text-align: center;\">Weitere Informationen \u00fcber die Verwendung von Cookies auf dieser Website kann der Nutzer \u00fcber das Kontaktformular oder durch Ausf\u00fcllen des folgenden Formulars anfordern <a href=\"mailto:hola@wearedelaisla.com\">hola@wearedelaisla.com<\/a><\/p>\n<p class=\"p1\" style=\"text-align: center;\">Diese Politik wurde mit Wirkung vom 30. Juni 2024 ge\u00e4ndert.<\/p>\n<p>[\/et_pb_text][et_pb_button button_url=&#8220;https:\/\/wearedelaisla.com\/de\/&#8220; button_text=&#8220;ZUR\u00dcCK NACH OBEN&#8220; button_alignment=&#8220;center&#8220; button_alignment_tablet=&#8220;center&#8220; button_alignment_phone=&#8220;center&#8220; button_alignment_last_edited=&#8220;on|tablet&#8220; _builder_version=&#8220;4.27.2&#8243; _module_preset=&#8220;default&#8220; custom_button=&#8220;on&#8220; button_text_size=&#8220;12px&#8220; button_text_color=&#8220;#000000&#8243; button_bg_color=&#8220;RGBA(255,255,255,0)&#8220; button_border_width=&#8220;1px&#8220; button_border_color=&#8220;#000000&#8243; button_border_radius=&#8220;50px&#8220; button_letter_spacing=&#8220;2px&#8220; button_font=&#8220;Lato|900||on|||||&#8220; button_use_icon=&#8220;off&#8220; custom_margin=&#8220;0px|0px|0px|0px|false|false&#8220; custom_margin_tablet=&#8220;0px|0px|0px|0px|false|false&#8220; custom_margin_phone=&#8220;0px|0px|0px|0px|false|false&#8220; custom_margin_last_edited=&#8220;off|desktop&#8220; custom_padding=&#8220;19px|47px|19px|47px|true|true&#8220; animation_style=&#8220;fade&#8220; custom_css_main_element=&#8220;display:inline-block;||vertical-align:5.6vw;||||animation-name: updown;||    animation-duration: 3s;||    animation-iteration-count: infinite;||    animation-timing-function: ease-in-out;||    margin-left: 0px;||    margin-top: 0px;||}||||@keyframes updown {||    from { transform: translate(0,  15px); }||    50%  { transform: translate(0, -15px); }||    to   { transform: translate(0, 15px); }    ||&#8220; locked=&#8220;off&#8220; global_colors_info=&#8220;{}&#8220; button_bg_color__hover_enabled=&#8220;on|hover&#8220; button_bg_color__hover=&#8220;#FFFFFF&#8220; button_bg_enable_color__hover=&#8220;on&#8220; button_border_color__hover_enabled=&#8220;on|hover&#8220; button_border_color__hover=&#8220;#FFFFFF&#8220;][\/et_pb_button][\/et_pb_column][\/et_pb_row][\/et_pb_section]<\/p>\n","protected":false},"excerpt":{"rendered":"<p>Cookie-Richtlinie1. Die Definition und die Funktionen von Cookies. Ein Cookie ist eine Datei, die auf den Computer des Nutzers heruntergeladen wird, wenn dieser auf bestimmte Websites zugreift. Cookies erm\u00f6glichen es der Website unter anderem, Informationen \u00fcber die Surfgewohnheiten des Nutzers oder seines Ger\u00e4ts zu speichern und abzurufen, und je nach den darin enthaltenen Informationen und [&hellip;]<\/p>\n","protected":false},"author":1,"featured_media":0,"parent":0,"menu_order":0,"comment_status":"closed","ping_status":"open","template":"","meta":{"_et_pb_use_builder":"on","_et_pb_old_content":"","_et_gb_content_width":"","footnotes":""},"class_list":["post-768","page","type-page","status-publish","hentry"],"yoast_head":"<!-- This site is optimized with the Yoast SEO plugin v27.4 - https:\/\/yoast.com\/product\/yoast-seo-wordpress\/ -->\n<title>Cookie-Richtlinie - Delaisla<\/title>\n<meta name=\"robots\" content=\"noindex, nofollow\" \/>\n<meta property=\"og:locale\" content=\"de_DE\" \/>\n<meta property=\"og:type\" content=\"article\" \/>\n<meta property=\"og:title\" content=\"Cookie-Richtlinie - Delaisla\" \/>\n<meta property=\"og:description\" content=\"Cookie-Richtlinie1. Die Definition und die Funktionen von Cookies. Ein Cookie ist eine Datei, die auf den Computer des Nutzers heruntergeladen wird, wenn dieser auf bestimmte Websites zugreift. Cookies erm\u00f6glichen es der Website unter anderem, Informationen \u00fcber die Surfgewohnheiten des Nutzers oder seines Ger\u00e4ts zu speichern und abzurufen, und je nach den darin enthaltenen Informationen und [&hellip;]\" \/>\n<meta property=\"og:url\" content=\"https:\/\/wearedelaisla.com\/de\/cookie-richtlinie\/\" \/>\n<meta property=\"og:site_name\" content=\"Delaisla\" \/>\n<meta property=\"article:modified_time\" content=\"2024-10-27T12:14:03+00:00\" \/>\n<meta name=\"twitter:card\" content=\"summary_large_image\" \/>\n<meta name=\"twitter:label1\" content=\"Gesch\u00e4tzte Lesezeit\" \/>\n\t<meta name=\"twitter:data1\" content=\"5\u00a0Minuten\" \/>\n<script type=\"application\/ld+json\" class=\"yoast-schema-graph\">{\"@context\":\"https:\\\/\\\/schema.org\",\"@graph\":[{\"@type\":\"WebPage\",\"@id\":\"https:\\\/\\\/wearedelaisla.com\\\/de\\\/cookie-richtlinie\\\/\",\"url\":\"https:\\\/\\\/wearedelaisla.com\\\/de\\\/cookie-richtlinie\\\/\",\"name\":\"Cookie-Richtlinie - Delaisla\",\"isPartOf\":{\"@id\":\"https:\\\/\\\/wearedelaisla.com\\\/de\\\/#website\"},\"datePublished\":\"2024-07-12T13:46:24+00:00\",\"dateModified\":\"2024-10-27T12:14:03+00:00\",\"breadcrumb\":{\"@id\":\"https:\\\/\\\/wearedelaisla.com\\\/de\\\/cookie-richtlinie\\\/#breadcrumb\"},\"inLanguage\":\"de\",\"potentialAction\":[{\"@type\":\"ReadAction\",\"target\":[\"https:\\\/\\\/wearedelaisla.com\\\/de\\\/cookie-richtlinie\\\/\"]}]},{\"@type\":\"BreadcrumbList\",\"@id\":\"https:\\\/\\\/wearedelaisla.com\\\/de\\\/cookie-richtlinie\\\/#breadcrumb\",\"itemListElement\":[{\"@type\":\"ListItem\",\"position\":1,\"name\":\"Portada\",\"item\":\"https:\\\/\\\/wearedelaisla.com\\\/de\\\/\"},{\"@type\":\"ListItem\",\"position\":2,\"name\":\"Cookie-Richtlinie\"}]},{\"@type\":\"WebSite\",\"@id\":\"https:\\\/\\\/wearedelaisla.com\\\/de\\\/#website\",\"url\":\"https:\\\/\\\/wearedelaisla.com\\\/de\\\/\",\"name\":\"Delaisla\",\"description\":\"Eventos hay muchos, pero como el que podemos organizar nosotros, pocos.\",\"potentialAction\":[{\"@type\":\"SearchAction\",\"target\":{\"@type\":\"EntryPoint\",\"urlTemplate\":\"https:\\\/\\\/wearedelaisla.com\\\/de\\\/?s={search_term_string}\"},\"query-input\":{\"@type\":\"PropertyValueSpecification\",\"valueRequired\":true,\"valueName\":\"search_term_string\"}}],\"inLanguage\":\"de\"}]}<\/script>\n<!-- \/ Yoast SEO plugin. -->","yoast_head_json":{"title":"Cookie-Richtlinie - Delaisla","robots":{"index":"noindex","follow":"nofollow"},"og_locale":"de_DE","og_type":"article","og_title":"Cookie-Richtlinie - Delaisla","og_description":"Cookie-Richtlinie1. Die Definition und die Funktionen von Cookies. Ein Cookie ist eine Datei, die auf den Computer des Nutzers heruntergeladen wird, wenn dieser auf bestimmte Websites zugreift. Cookies erm\u00f6glichen es der Website unter anderem, Informationen \u00fcber die Surfgewohnheiten des Nutzers oder seines Ger\u00e4ts zu speichern und abzurufen, und je nach den darin enthaltenen Informationen und [&hellip;]","og_url":"https:\/\/wearedelaisla.com\/de\/cookie-richtlinie\/","og_site_name":"Delaisla","article_modified_time":"2024-10-27T12:14:03+00:00","twitter_card":"summary_large_image","twitter_misc":{"Gesch\u00e4tzte Lesezeit":"5\u00a0Minuten"},"schema":{"@context":"https:\/\/schema.org","@graph":[{"@type":"WebPage","@id":"https:\/\/wearedelaisla.com\/de\/cookie-richtlinie\/","url":"https:\/\/wearedelaisla.com\/de\/cookie-richtlinie\/","name":"Cookie-Richtlinie - Delaisla","isPartOf":{"@id":"https:\/\/wearedelaisla.com\/de\/#website"},"datePublished":"2024-07-12T13:46:24+00:00","dateModified":"2024-10-27T12:14:03+00:00","breadcrumb":{"@id":"https:\/\/wearedelaisla.com\/de\/cookie-richtlinie\/#breadcrumb"},"inLanguage":"de","potentialAction":[{"@type":"ReadAction","target":["https:\/\/wearedelaisla.com\/de\/cookie-richtlinie\/"]}]},{"@type":"BreadcrumbList","@id":"https:\/\/wearedelaisla.com\/de\/cookie-richtlinie\/#breadcrumb","itemListElement":[{"@type":"ListItem","position":1,"name":"Portada","item":"https:\/\/wearedelaisla.com\/de\/"},{"@type":"ListItem","position":2,"name":"Cookie-Richtlinie"}]},{"@type":"WebSite","@id":"https:\/\/wearedelaisla.com\/de\/#website","url":"https:\/\/wearedelaisla.com\/de\/","name":"Delaisla","description":"Eventos hay muchos, pero como el que podemos organizar nosotros, pocos.","potentialAction":[{"@type":"SearchAction","target":{"@type":"EntryPoint","urlTemplate":"https:\/\/wearedelaisla.com\/de\/?s={search_term_string}"},"query-input":{"@type":"PropertyValueSpecification","valueRequired":true,"valueName":"search_term_string"}}],"inLanguage":"de"}]}},"_links":{"self":[{"href":"https:\/\/wearedelaisla.com\/de\/wp-json\/wp\/v2\/pages\/768","targetHints":{"allow":["GET"]}}],"collection":[{"href":"https:\/\/wearedelaisla.com\/de\/wp-json\/wp\/v2\/pages"}],"about":[{"href":"https:\/\/wearedelaisla.com\/de\/wp-json\/wp\/v2\/types\/page"}],"author":[{"embeddable":true,"href":"https:\/\/wearedelaisla.com\/de\/wp-json\/wp\/v2\/users\/1"}],"replies":[{"embeddable":true,"href":"https:\/\/wearedelaisla.com\/de\/wp-json\/wp\/v2\/comments?post=768"}],"version-history":[{"count":3,"href":"https:\/\/wearedelaisla.com\/de\/wp-json\/wp\/v2\/pages\/768\/revisions"}],"predecessor-version":[{"id":997,"href":"https:\/\/wearedelaisla.com\/de\/wp-json\/wp\/v2\/pages\/768\/revisions\/997"}],"wp:attachment":[{"href":"https:\/\/wearedelaisla.com\/de\/wp-json\/wp\/v2\/media?parent=768"}],"curies":[{"name":"wp","href":"https:\/\/api.w.org\/{rel}","templated":true}]}}