{"id":750,"date":"2024-07-12T13:34:06","date_gmt":"2024-07-12T13:34:06","guid":{"rendered":"https:\/\/wearedelaisla.com\/ueber-uns\/"},"modified":"2024-11-04T11:43:58","modified_gmt":"2024-11-04T11:43:58","slug":"uber-uns","status":"publish","type":"page","link":"https:\/\/wearedelaisla.com\/de\/uber-uns\/","title":{"rendered":"We are"},"content":{"rendered":"<p>[et_pb_section fb_built=&#8220;1&#8243; custom_padding_last_edited=&#8220;on|tablet&#8220; _builder_version=&#8220;4.27.2&#8243; _module_preset=&#8220;default&#8220; background_color=&#8220;#C7B65E&#8220; use_background_color_gradient=&#8220;on&#8220; background_color_gradient_stops=&#8220;#c7b65e 71%|#ede9e3 100%&#8220; background_enable_image=&#8220;off&#8220; width=&#8220;100%&#8220; max_width=&#8220;100%&#8220; custom_margin=&#8220;-200px||0px||false|false&#8220; custom_padding=&#8220;250px|70px|70px|70px|false|false&#8220; custom_padding_tablet=&#8220;70px|40px|50px|40px|false|false&#8220; custom_padding_phone=&#8220;|20px||20px|false|false&#8220; locked=&#8220;off&#8220; global_colors_info=&#8220;{}&#8220;][et_pb_row _builder_version=&#8220;4.27.2&#8243; _module_preset=&#8220;default&#8220; width=&#8220;100%&#8220; max_width=&#8220;100%&#8220; custom_margin=&#8220;0px||1%||false|false&#8220; custom_margin_tablet=&#8220;200px||55px||false|false&#8220; custom_margin_phone=&#8220;||0px||false|false&#8220; custom_margin_last_edited=&#8220;on|tablet&#8220; custom_padding=&#8220;0px||||false|false&#8220; border_color_bottom=&#8220;#000000&#8243; locked=&#8220;off&#8220; global_colors_info=&#8220;{}&#8220;][et_pb_column type=&#8220;4_4&#8243; _builder_version=&#8220;4.27.2&#8243; _module_preset=&#8220;default&#8220; global_colors_info=&#8220;{}&#8220;][et_pb_text content_tablet=&#8220;<\/p>\n<h1 style=%22text-align: center;%22>SERVICIOS<\/h1>\n<p>&#8220; content_phone=&#8220;<\/p>\n<h1 style=%22text-align: center;%22>SERVICIOS<\/h1>\n<p>&#8220; content_last_edited=&#8220;off|desktop&#8220; _builder_version=&#8220;4.27.2&#8243; _module_preset=&#8220;default&#8220; header_font=&#8220;hue-beta|||on|||||&#8220; header_text_align=&#8220;center&#8220; header_text_color=&#8220;#FFFFFF&#8220; header_font_size=&#8220;7vw&#8220; header_letter_spacing=&#8220;4px&#8220; header_line_height=&#8220;0.8em&#8220; max_width=&#8220;100%&#8220; max_width_tablet=&#8220;100%&#8220; max_width_phone=&#8220;100%&#8220; max_width_last_edited=&#8220;on|phone&#8220; module_alignment=&#8220;center&#8220; custom_margin=&#8220;0px||0px||false|false&#8220; custom_padding=&#8220;0px||0px||false|false&#8220; animation_style=&#8220;slide&#8220; animation_direction=&#8220;bottom&#8220; animation_intensity_slide=&#8220;2%&#8220; animation_speed_curve=&#8220;ease&#8220; header_font_size_tablet=&#8220;7vw&#8220; header_font_size_phone=&#8220;20vw&#8220; header_font_size_last_edited=&#8220;on|phone&#8220; inline_fonts=&#8220;blitz&#8220; global_colors_info=&#8220;{}&#8220;]<\/p>\n<h1 style=\"text-align: center;\">WE ARE<\/h1>\n<p>[\/et_pb_text][et_pb_text _builder_version=&#8220;4.27.2&#8243; _module_preset=&#8220;default&#8220; header_2_font=&#8220;hue-beta||||||||&#8220; header_2_text_color=&#8220;#000000&#8243; header_2_font_size=&#8220;5vw&#8220; header_2_letter_spacing=&#8220;-1px&#8220; custom_margin=&#8220;0px||||false|false&#8220; custom_padding=&#8220;0px||||false|false&#8220; animation_style=&#8220;slide&#8220; animation_direction=&#8220;bottom&#8220; animation_intensity_slide=&#8220;2%&#8220; animation_speed_curve=&#8220;ease&#8220; header_2_font_size_tablet=&#8220;12vw&#8220; header_2_font_size_phone=&#8220;10vw&#8220; header_2_font_size_last_edited=&#8220;on|tablet&#8220; header_2_letter_spacing_tablet=&#8220;-1px&#8220; header_2_letter_spacing_phone=&#8220;0px&#8220; header_2_letter_spacing_last_edited=&#8220;on|phone&#8220; global_colors_info=&#8220;{}&#8220;]<\/p>\n<h2 style=\"text-align: center;\">Elisa &amp; Paco<\/h2>\n<p>[\/et_pb_text][\/et_pb_column][\/et_pb_row][et_pb_row _builder_version=&#8220;4.27.2&#8243; _module_preset=&#8220;default&#8220; width=&#8220;100%&#8220; max_width=&#8220;100%&#8220; custom_margin=&#8220;0px||0px||false|false&#8220; custom_padding=&#8220;0px||0px||false|false&#8220; border_radii=&#8220;on|16px|16px|16px|16px&#8220; global_colors_info=&#8220;{}&#8220;][et_pb_column type=&#8220;4_4&#8243; _builder_version=&#8220;4.27.2&#8243; _module_preset=&#8220;default&#8220; global_colors_info=&#8220;{}&#8220;][et_pb_video src=&#8220;https:\/\/wearedelaisla.com\/wp-content\/uploads\/2024\/10\/Delaisla-About-us-corregido-1.mp4&#8243; image_src=&#8220;https:\/\/wearedelaisla.com\/wp-content\/uploads\/2024\/10\/We-are.jpg&#8220; font_icon=&#8220;&#xf04b;||fa||900&#8243; use_icon_font_size=&#8220;on&#8220; icon_font_size=&#8220;20px&#8220; image_src_phone=&#8220;https:\/\/wearedelaisla.com\/wp-content\/uploads\/2024\/10\/Captura-de-pantalla-2024-10-26-a-las-23.05.12.png&#8220; image_src_last_edited=&#8220;off|desktop&#8220; _builder_version=&#8220;4.27.2&#8243; _module_preset=&#8220;default&#8220; global_colors_info=&#8220;{}&#8220;][\/et_pb_video][\/et_pb_column][\/et_pb_row][et_pb_row _builder_version=&#8220;4.27.2&#8243; _module_preset=&#8220;default&#8220; width=&#8220;70%&#8220; width_tablet=&#8220;90%&#8220; width_phone=&#8220;90%&#8220; width_last_edited=&#8220;on|phone&#8220; max_width=&#8220;1300px&#8220; module_alignment=&#8220;center&#8220; custom_margin_tablet=&#8220;40px||40px||false|false&#8220; custom_margin_phone=&#8220;40px||42px||false|false&#8220; custom_margin_last_edited=&#8220;on|tablet&#8220; custom_padding=&#8220;5%||0px||false|false&#8220; animation_style=&#8220;slide&#8220; animation_direction=&#8220;bottom&#8220; animation_duration=&#8220;2000ms&#8220; animation_delay=&#8220;300ms&#8220; locked=&#8220;off&#8220; global_colors_info=&#8220;{}&#8220;][et_pb_column type=&#8220;4_4&#8243; _builder_version=&#8220;4.22.0&#8243; _module_preset=&#8220;default&#8220; global_colors_info=&#8220;{}&#8220;][et_pb_text _builder_version=&#8220;4.27.2&#8243; _module_preset=&#8220;default&#8220; text_font=&#8220;Plus Jakarta Sans||||||||&#8220; text_text_color=&#8220;#000000&#8243; text_font_size=&#8220;24px&#8220; text_line_height=&#8220;1.4em&#8220; header_2_font=&#8220;hue-beta|700|||||||&#8220; header_2_text_align=&#8220;center&#8220; header_2_font_size=&#8220;32px&#8220; header_2_letter_spacing=&#8220;2px&#8220; header_3_font=&#8220;hue-beta|700|||||||&#8220; header_3_text_align=&#8220;center&#8220; header_3_text_color=&#8220;#000000&#8243; header_3_font_size=&#8220;32px&#8220; header_3_letter_spacing=&#8220;2px&#8220; custom_margin=&#8220;0px||2%||false|false&#8220; custom_padding=&#8220;0px||0px||false|false&#8220; text_font_size_tablet=&#8220;15px&#8220; text_font_size_phone=&#8220;13px&#8220; text_font_size_last_edited=&#8220;on|phone&#8220; header_2_font_size_tablet=&#8220;28px&#8220; header_2_font_size_phone=&#8220;24px&#8220; header_2_font_size_last_edited=&#8220;on|phone&#8220; header_3_font_size_tablet=&#8220;28px&#8220; header_3_font_size_phone=&#8220;28px&#8220; header_3_font_size_last_edited=&#8220;on|phone&#8220; global_colors_info=&#8220;{}&#8220;]<\/p>\n<div class=\"fe-block fe-block-bd53e4e02914ad97e422\">\n<div id=\"block-bd53e4e02914ad97e422\" class=\"sqs-block html-block sqs-block-html\" data-block-type=\"2\" data-border-radii=\"{&quot;topLeft&quot;:{&quot;unit&quot;:&quot;px&quot;,&quot;value&quot;:0.0},&quot;topRight&quot;:{&quot;unit&quot;:&quot;px&quot;,&quot;value&quot;:0.0},&quot;bottomLeft&quot;:{&quot;unit&quot;:&quot;px&quot;,&quot;value&quot;:0.0},&quot;bottomRight&quot;:{&quot;unit&quot;:&quot;px&quot;,&quot;value&quot;:0.0}}\">\n<div class=\"sqs-block-content\">\n<div class=\"sqs-html-content\">\n<h3 class=\"sqsrte-large preFlex flexIn fontsninja-font\" data-ninja-font=\"neuehaasgrotesktextpro_regular_normal\">UNSERE GESCHICHTE<\/h3>\n<\/div>\n<\/div>\n<\/div>\n<\/div>\n<p>[\/et_pb_text][et_pb_text _builder_version=&#8220;4.27.2&#8243; _module_preset=&#8220;default&#8220; text_font=&#8220;Lato||||||||&#8220; text_text_color=&#8220;#000000&#8243; text_font_size=&#8220;24px&#8220; text_line_height=&#8220;1.3em&#8220; custom_margin=&#8220;0px||4%||false|false&#8220; custom_padding=&#8220;0px||0px||false|false&#8220; hover_enabled=&#8220;0&#8243; text_font_size_tablet=&#8220;18px&#8220; text_font_size_phone=&#8220;18px&#8220; text_font_size_last_edited=&#8220;on|phone&#8220; global_colors_info=&#8220;{}&#8220; sticky_enabled=&#8220;0&#8243;]<\/p>\n<div class=\"fe-block fe-block-bd53e4e02914ad97e422\">\n<div id=\"block-bd53e4e02914ad97e422\" class=\"sqs-block html-block sqs-block-html\" data-block-type=\"2\" data-border-radii=\"{&quot;topLeft&quot;:{&quot;unit&quot;:&quot;px&quot;,&quot;value&quot;:0.0},&quot;topRight&quot;:{&quot;unit&quot;:&quot;px&quot;,&quot;value&quot;:0.0},&quot;bottomLeft&quot;:{&quot;unit&quot;:&quot;px&quot;,&quot;value&quot;:0.0},&quot;bottomRight&quot;:{&quot;unit&quot;:&quot;px&quot;,&quot;value&quot;:0.0}}\">\n<div class=\"sqs-block-content\">\n<div class=\"sqs-html-content\">\n<div class=\"fe-block fe-block-bd53e4e02914ad97e422\">\n<div id=\"block-bd53e4e02914ad97e422\" class=\"sqs-block html-block sqs-block-html\" data-block-type=\"2\" data-border-radii=\"{&quot;topLeft&quot;:{&quot;unit&quot;:&quot;px&quot;,&quot;value&quot;:0.0},&quot;topRight&quot;:{&quot;unit&quot;:&quot;px&quot;,&quot;value&quot;:0.0},&quot;bottomLeft&quot;:{&quot;unit&quot;:&quot;px&quot;,&quot;value&quot;:0.0},&quot;bottomRight&quot;:{&quot;unit&quot;:&quot;px&quot;,&quot;value&quot;:0.0}}\">\n<div class=\"sqs-block-content\">\n<div class=\"sqs-html-content\">\n<div class=\"fe-block fe-block-bd53e4e02914ad97e422\">\n<div id=\"block-bd53e4e02914ad97e422\" class=\"sqs-block html-block sqs-block-html\" data-block-type=\"2\" data-border-radii=\"{&quot;topLeft&quot;:{&quot;unit&quot;:&quot;px&quot;,&quot;value&quot;:0.0},&quot;topRight&quot;:{&quot;unit&quot;:&quot;px&quot;,&quot;value&quot;:0.0},&quot;bottomLeft&quot;:{&quot;unit&quot;:&quot;px&quot;,&quot;value&quot;:0.0},&quot;bottomRight&quot;:{&quot;unit&quot;:&quot;px&quot;,&quot;value&quot;:0.0}}\">\n<div class=\"sqs-block-content\">\n<div class=\"sqs-html-content\">\n<p style=\"text-align: center;\"><span style=\"font-weight: 400;\">Wir sind Elisa und Paco, Mallorquiner im Herzen, die tiefes lokales Wissen mit unserer Liebe zur Insel und zum Mittelmeer vereinen.<\/span><b> Unsere Mission ist es, euch den Luxus des Lebens im \u201esa vida tranquila\u201c (dem entspannten Leben) n\u00e4herzubringen \u2013 durch sorgf\u00e4ltig gestaltete Erlebnisse, die euch auf authentische Weise mit Mallorca verbinden.<\/b><\/p>\n<\/div>\n<\/div>\n<\/div>\n<\/div>\n<\/div>\n<\/div>\n<\/div>\n<\/div>\n<\/div>\n<\/div>\n<\/div>\n<\/div>\n<p>[\/et_pb_text][et_pb_text _builder_version=&#8220;4.27.2&#8243; _module_preset=&#8220;default&#8220; text_font=&#8220;Lato||||||||&#8220; text_text_color=&#8220;#000000&#8243; text_font_size=&#8220;20px&#8220; text_line_height=&#8220;1.4em&#8220; text_orientation=&#8220;justified&#8220; max_width=&#8220;620px&#8220; module_alignment=&#8220;center&#8220; custom_margin=&#8220;0px||8%||false|false&#8220; custom_padding=&#8220;0px||0px||false|false&#8220; hover_enabled=&#8220;0&#8243; text_font_size_tablet=&#8220;16px&#8220; text_font_size_phone=&#8220;16px&#8220; text_font_size_last_edited=&#8220;on|phone&#8220; global_colors_info=&#8220;{}&#8220; sticky_enabled=&#8220;0&#8243;]<\/p>\n<div id=\"block-bd53e4e02914ad97e422\" data-block-type=\"2\" data-border-radii=\"{&quot;topLeft&quot;:{&quot;unit&quot;:&quot;px&quot;,&quot;value&quot;:0.0},&quot;topRight&quot;:{&quot;unit&quot;:&quot;px&quot;,&quot;value&quot;:0.0},&quot;bottomLeft&quot;:{&quot;unit&quot;:&quot;px&quot;,&quot;value&quot;:0.0},&quot;bottomRight&quot;:{&quot;unit&quot;:&quot;px&quot;,&quot;value&quot;:0.0}}\">\n<div id=\"block-bd53e4e02914ad97e422\" data-block-type=\"2\" data-border-radii=\"{&quot;topLeft&quot;:{&quot;unit&quot;:&quot;px&quot;,&quot;value&quot;:0.0},&quot;topRight&quot;:{&quot;unit&quot;:&quot;px&quot;,&quot;value&quot;:0.0},&quot;bottomLeft&quot;:{&quot;unit&quot;:&quot;px&quot;,&quot;value&quot;:0.0},&quot;bottomRight&quot;:{&quot;unit&quot;:&quot;px&quot;,&quot;value&quot;:0.0}}\">\n<p style=\"text-align: center;\"><b>Elisa<\/b><span style=\"font-weight: 400;\">, urspr\u00fcnglich aus Deutschland und seit ihrem 5. Lebensjahr Mallorquinerin, bringt umfassende Erfahrung im Immobiliensektor mit und ist die Gr\u00fcnderin von <\/span><i><span style=\"font-weight: 400;\">The Good Circle<\/span><\/i><span style=\"font-weight: 400;\">, einem Projekt, das Menschen zusammenf\u00fchrt, die ihren Freundeskreis erweitern und neue Kontakte durch Kunst und Musik kn\u00fcpfen m\u00f6chten. <\/span><b>Paco<\/b><span style=\"font-weight: 400;\">, ein waschechter Mallorquiner, wurde im Viertel Santa Catalina in Palma geboren und ist dort aufgewachsen. Er ist Gr\u00fcnder von <\/span><i><span style=\"font-weight: 400;\">Panela!<\/span><\/i><span style=\"font-weight: 400;\">, einem Unternehmen, das alle musikalischen Unterhaltungsbed\u00fcrfnisse abdeckt \u2013 von der Auswahl der besten K\u00fcnstler der Insel bis hin zur technischen Organisation jeder Veranstaltung.<\/span><\/p>\n<p style=\"text-align: center;\"><span style=\"font-weight: 400;\">Nach vielen Jahren, in denen wir f\u00fcr Freunde und Bekannte einzigartige Momente organisiert haben, haben wir uns nun zusammengeschlossen, um <\/span><i><span style=\"font-weight: 400;\">Delaisla<\/span><\/i><span style=\"font-weight: 400;\"> zu schaffen. <\/span><b>Hier m\u00f6chten wir euch einen personalisierten Service bieten, der \u00fcber das Konventionelle und die Klischees hinausgeht.<\/b><span style=\"font-weight: 400;\">\u00a0 Ob exklusive Villenvermietungen, private Events oder luxuri\u00f6se Bootscharter \u2013 jedes Erlebnis wird mit mallorquinischer Essenz durchdrungen und individuell auf deine Vorstellungen und W\u00fcnsche abgestimmt.<\/span><\/p>\n<p style=\"text-align: center;\"><i><span style=\"font-weight: 400;\">Delaisla<\/span><\/i><span style=\"font-weight: 400;\"> entstand aus dem Wunsch, das Beste von Mallorca mit denen zu teilen, die nach etwas Authentischem suchen: lokale Erlebnisse, kulturelle Immersion und einen diskreten, aber au\u00dfergew\u00f6hnlichen Luxus. Wir m\u00f6chten, dass jeder Moment einzigartig und sorgenfrei ist, <\/span><b>mit jenem exklusiven Touch, der einen Aufenthalt zu einem unvergesslichen Erlebnis macht<\/b><span style=\"font-weight: 400;\">.<\/span><\/p>\n<\/div>\n<\/div>\n<p>[\/et_pb_text][et_pb_button button_url=&#8220;https:\/\/wearedelaisla.com\/de\/kontakt\/&#8220; button_text=&#8220;Kontaktiere uns&#8220; button_alignment=&#8220;center&#8220; button_alignment_tablet=&#8220;center&#8220; button_alignment_phone=&#8220;center&#8220; button_alignment_last_edited=&#8220;on|tablet&#8220; _builder_version=&#8220;4.27.2&#8243; _module_preset=&#8220;default&#8220; custom_button=&#8220;on&#8220; button_text_size=&#8220;12px&#8220; button_text_color=&#8220;#000000&#8243; button_bg_color=&#8220;RGBA(255,255,255,0)&#8220; button_border_width=&#8220;1px&#8220; button_border_color=&#8220;#000000&#8243; button_border_radius=&#8220;50px&#8220; button_letter_spacing=&#8220;2px&#8220; button_font=&#8220;Lato|900||on|||||&#8220; button_use_icon=&#8220;off&#8220; custom_margin=&#8220;0px|0px|0px|0px|false|false&#8220; custom_margin_tablet=&#8220;0px|0px|0px|0px|false|false&#8220; custom_margin_phone=&#8220;0px|0px|0px|0px|false|false&#8220; custom_margin_last_edited=&#8220;off|desktop&#8220; custom_padding=&#8220;19px|47px|19px|47px|true|true&#8220; animation_style=&#8220;fade&#8220; custom_css_main_element=&#8220;display:inline-block;||vertical-align:5.6vw;||||animation-name: updown;||    animation-duration: 3s;||    animation-iteration-count: infinite;||    animation-timing-function: ease-in-out;||    margin-left: 0px;||    margin-top: 0px;||}||||@keyframes updown {||    from { transform: translate(0,  15px); }||    50%  { transform: translate(0, -15px); }||    to   { transform: translate(0, 15px); }    ||&#8220; locked=&#8220;off&#8220; global_colors_info=&#8220;{}&#8220; button_bg_color__hover_enabled=&#8220;on|hover&#8220; button_bg_color__hover=&#8220;#FFFFFF&#8220; button_bg_enable_color__hover=&#8220;on&#8220; button_border_color__hover_enabled=&#8220;on|hover&#8220; button_border_color__hover=&#8220;#FFFFFF&#8220;][\/et_pb_button][\/et_pb_column][\/et_pb_row][\/et_pb_section]<\/p>\n","protected":false},"excerpt":{"rendered":"<p>WE AREElisa &amp; Paco UNSERE GESCHICHTE Wir sind Elisa und Paco, Mallorquiner im Herzen, die tiefes lokales Wissen mit unserer Liebe zur Insel und zum Mittelmeer vereinen. Unsere Mission ist es, euch den Luxus des Lebens im \u201esa vida tranquila\u201c (dem entspannten Leben) n\u00e4herzubringen \u2013 durch sorgf\u00e4ltig gestaltete Erlebnisse, die euch auf authentische Weise mit [&hellip;]<\/p>\n","protected":false},"author":1,"featured_media":0,"parent":0,"menu_order":0,"comment_status":"closed","ping_status":"closed","template":"","meta":{"_et_pb_use_builder":"on","_et_pb_old_content":"","_et_gb_content_width":"","footnotes":""},"class_list":["post-750","page","type-page","status-publish","hentry"],"yoast_head":"<!-- This site is optimized with the Yoast SEO plugin v27.4 - https:\/\/yoast.com\/product\/yoast-seo-wordpress\/ -->\n<title>We Are | DeLaIsla<\/title>\n<meta name=\"description\" content=\"Unsere Mission ist es, den Luxus des \u201eruhigen Lebens\u201c durch sorgf\u00e4ltig gestaltete Erlebnisse auf Mallorca zu teilen.\" \/>\n<meta name=\"robots\" content=\"index, follow, max-snippet:-1, max-image-preview:large, max-video-preview:-1\" \/>\n<link rel=\"canonical\" href=\"https:\/\/wearedelaisla.com\/de\/uber-uns\/\" \/>\n<meta property=\"og:locale\" content=\"de_DE\" \/>\n<meta property=\"og:type\" content=\"article\" \/>\n<meta property=\"og:title\" content=\"We Are | DeLaIsla\" \/>\n<meta property=\"og:description\" content=\"Unsere Mission ist es, den Luxus des \u201eruhigen Lebens\u201c durch sorgf\u00e4ltig gestaltete Erlebnisse auf Mallorca zu teilen.\" \/>\n<meta property=\"og:url\" content=\"https:\/\/wearedelaisla.com\/de\/uber-uns\/\" \/>\n<meta property=\"og:site_name\" content=\"Delaisla\" \/>\n<meta property=\"article:modified_time\" content=\"2024-11-04T11:43:58+00:00\" \/>\n<meta name=\"twitter:card\" content=\"summary_large_image\" \/>\n<meta name=\"twitter:label1\" content=\"Gesch\u00e4tzte Lesezeit\" \/>\n\t<meta name=\"twitter:data1\" content=\"2\u00a0Minuten\" \/>\n<script type=\"application\/ld+json\" class=\"yoast-schema-graph\">{\"@context\":\"https:\\\/\\\/schema.org\",\"@graph\":[{\"@type\":\"WebPage\",\"@id\":\"https:\\\/\\\/wearedelaisla.com\\\/de\\\/uber-uns\\\/\",\"url\":\"https:\\\/\\\/wearedelaisla.com\\\/de\\\/uber-uns\\\/\",\"name\":\"We Are | DeLaIsla\",\"isPartOf\":{\"@id\":\"https:\\\/\\\/wearedelaisla.com\\\/de\\\/#website\"},\"datePublished\":\"2024-07-12T13:34:06+00:00\",\"dateModified\":\"2024-11-04T11:43:58+00:00\",\"description\":\"Unsere Mission ist es, den Luxus des \u201eruhigen Lebens\u201c durch sorgf\u00e4ltig gestaltete Erlebnisse auf Mallorca zu teilen.\",\"breadcrumb\":{\"@id\":\"https:\\\/\\\/wearedelaisla.com\\\/de\\\/uber-uns\\\/#breadcrumb\"},\"inLanguage\":\"de\",\"potentialAction\":[{\"@type\":\"ReadAction\",\"target\":[\"https:\\\/\\\/wearedelaisla.com\\\/de\\\/uber-uns\\\/\"]}]},{\"@type\":\"BreadcrumbList\",\"@id\":\"https:\\\/\\\/wearedelaisla.com\\\/de\\\/uber-uns\\\/#breadcrumb\",\"itemListElement\":[{\"@type\":\"ListItem\",\"position\":1,\"name\":\"Portada\",\"item\":\"https:\\\/\\\/wearedelaisla.com\\\/de\\\/\"},{\"@type\":\"ListItem\",\"position\":2,\"name\":\"We are\"}]},{\"@type\":\"WebSite\",\"@id\":\"https:\\\/\\\/wearedelaisla.com\\\/de\\\/#website\",\"url\":\"https:\\\/\\\/wearedelaisla.com\\\/de\\\/\",\"name\":\"Delaisla\",\"description\":\"Eventos hay muchos, pero como el que podemos organizar nosotros, pocos.\",\"potentialAction\":[{\"@type\":\"SearchAction\",\"target\":{\"@type\":\"EntryPoint\",\"urlTemplate\":\"https:\\\/\\\/wearedelaisla.com\\\/de\\\/?s={search_term_string}\"},\"query-input\":{\"@type\":\"PropertyValueSpecification\",\"valueRequired\":true,\"valueName\":\"search_term_string\"}}],\"inLanguage\":\"de\"}]}<\/script>\n<!-- \/ Yoast SEO plugin. -->","yoast_head_json":{"title":"We Are | DeLaIsla","description":"Unsere Mission ist es, den Luxus des \u201eruhigen Lebens\u201c durch sorgf\u00e4ltig gestaltete Erlebnisse auf Mallorca zu teilen.","robots":{"index":"index","follow":"follow","max-snippet":"max-snippet:-1","max-image-preview":"max-image-preview:large","max-video-preview":"max-video-preview:-1"},"canonical":"https:\/\/wearedelaisla.com\/de\/uber-uns\/","og_locale":"de_DE","og_type":"article","og_title":"We Are | DeLaIsla","og_description":"Unsere Mission ist es, den Luxus des \u201eruhigen Lebens\u201c durch sorgf\u00e4ltig gestaltete Erlebnisse auf Mallorca zu teilen.","og_url":"https:\/\/wearedelaisla.com\/de\/uber-uns\/","og_site_name":"Delaisla","article_modified_time":"2024-11-04T11:43:58+00:00","twitter_card":"summary_large_image","twitter_misc":{"Gesch\u00e4tzte Lesezeit":"2\u00a0Minuten"},"schema":{"@context":"https:\/\/schema.org","@graph":[{"@type":"WebPage","@id":"https:\/\/wearedelaisla.com\/de\/uber-uns\/","url":"https:\/\/wearedelaisla.com\/de\/uber-uns\/","name":"We Are | DeLaIsla","isPartOf":{"@id":"https:\/\/wearedelaisla.com\/de\/#website"},"datePublished":"2024-07-12T13:34:06+00:00","dateModified":"2024-11-04T11:43:58+00:00","description":"Unsere Mission ist es, den Luxus des \u201eruhigen Lebens\u201c durch sorgf\u00e4ltig gestaltete Erlebnisse auf Mallorca zu teilen.","breadcrumb":{"@id":"https:\/\/wearedelaisla.com\/de\/uber-uns\/#breadcrumb"},"inLanguage":"de","potentialAction":[{"@type":"ReadAction","target":["https:\/\/wearedelaisla.com\/de\/uber-uns\/"]}]},{"@type":"BreadcrumbList","@id":"https:\/\/wearedelaisla.com\/de\/uber-uns\/#breadcrumb","itemListElement":[{"@type":"ListItem","position":1,"name":"Portada","item":"https:\/\/wearedelaisla.com\/de\/"},{"@type":"ListItem","position":2,"name":"We are"}]},{"@type":"WebSite","@id":"https:\/\/wearedelaisla.com\/de\/#website","url":"https:\/\/wearedelaisla.com\/de\/","name":"Delaisla","description":"Eventos hay muchos, pero como el que podemos organizar nosotros, pocos.","potentialAction":[{"@type":"SearchAction","target":{"@type":"EntryPoint","urlTemplate":"https:\/\/wearedelaisla.com\/de\/?s={search_term_string}"},"query-input":{"@type":"PropertyValueSpecification","valueRequired":true,"valueName":"search_term_string"}}],"inLanguage":"de"}]}},"_links":{"self":[{"href":"https:\/\/wearedelaisla.com\/de\/wp-json\/wp\/v2\/pages\/750","targetHints":{"allow":["GET"]}}],"collection":[{"href":"https:\/\/wearedelaisla.com\/de\/wp-json\/wp\/v2\/pages"}],"about":[{"href":"https:\/\/wearedelaisla.com\/de\/wp-json\/wp\/v2\/types\/page"}],"author":[{"embeddable":true,"href":"https:\/\/wearedelaisla.com\/de\/wp-json\/wp\/v2\/users\/1"}],"replies":[{"embeddable":true,"href":"https:\/\/wearedelaisla.com\/de\/wp-json\/wp\/v2\/comments?post=750"}],"version-history":[{"count":35,"href":"https:\/\/wearedelaisla.com\/de\/wp-json\/wp\/v2\/pages\/750\/revisions"}],"predecessor-version":[{"id":1376,"href":"https:\/\/wearedelaisla.com\/de\/wp-json\/wp\/v2\/pages\/750\/revisions\/1376"}],"wp:attachment":[{"href":"https:\/\/wearedelaisla.com\/de\/wp-json\/wp\/v2\/media?parent=750"}],"curies":[{"name":"wp","href":"https:\/\/api.w.org\/{rel}","templated":true}]}}