{"id":729,"date":"2024-07-12T13:32:42","date_gmt":"2024-07-12T13:32:42","guid":{"rendered":"https:\/\/wearedelaisla.com\/dienstleistungen\/"},"modified":"2024-11-20T12:05:14","modified_gmt":"2024-11-20T12:05:14","slug":"services","status":"publish","type":"page","link":"https:\/\/wearedelaisla.com\/de\/services\/","title":{"rendered":"Services"},"content":{"rendered":"<p>[et_pb_section fb_built=&#8220;1&#8243; custom_padding_last_edited=&#8220;on|tablet&#8220; _builder_version=&#8220;4.27.2&#8243; _module_preset=&#8220;default&#8220; background_color=&#8220;#F3A632&#8243; background_enable_image=&#8220;off&#8220; width=&#8220;100%&#8220; max_width=&#8220;100%&#8220; custom_margin=&#8220;-200px||0px||false|false&#8220; custom_padding=&#8220;250px|70px|0px|70px|false|false&#8220; custom_padding_tablet=&#8220;70px|40px|50px|40px|false|false&#8220; custom_padding_phone=&#8220;|20px|0px|20px|false|false&#8220; bottom_divider_height=&#8220;60px&#8220; bottom_divider_repeat=&#8220;2x&#8220; bottom_divider_flip=&#8220;vertical|horizontal&#8220; locked=&#8220;off&#8220; global_colors_info=&#8220;{}&#8220;][et_pb_row _builder_version=&#8220;4.27.2&#8243; _module_preset=&#8220;default&#8220; width=&#8220;100%&#8220; max_width=&#8220;100%&#8220; custom_margin=&#8220;0px||1%||false|false&#8220; custom_margin_tablet=&#8220;200px||55px||false|false&#8220; custom_margin_phone=&#8220;200px||0px||false|false&#8220; custom_margin_last_edited=&#8220;on|phone&#8220; custom_padding=&#8220;0px||||false|false&#8220; border_color_bottom=&#8220;#000000&#8243; locked=&#8220;off&#8220; global_colors_info=&#8220;{}&#8220;][et_pb_column type=&#8220;4_4&#8243; _builder_version=&#8220;4.22.0&#8243; _module_preset=&#8220;default&#8220; global_colors_info=&#8220;{}&#8220;][et_pb_text content_tablet=&#8220;<\/p>\n<h1 style=%22text-align: center;%22>DIENSTLEISTUNGEN<\/h1>\n<p>&#8220; content_phone=&#8220;<\/p>\n<h1 style=%22text-align: center;%22>DIENSTLEISTUNGEN<\/h1>\n<p>&#8220; content_last_edited=&#8220;off|desktop&#8220; _builder_version=&#8220;4.27.2&#8243; _module_preset=&#8220;default&#8220; header_font=&#8220;hue-beta|700||on|||||&#8220; header_text_align=&#8220;center&#8220; header_text_color=&#8220;#FFFFFF&#8220; header_font_size=&#8220;7vw&#8220; header_letter_spacing=&#8220;1px&#8220; header_line_height=&#8220;0.9em&#8220; max_width=&#8220;100%&#8220; max_width_tablet=&#8220;100%&#8220; max_width_phone=&#8220;100%&#8220; max_width_last_edited=&#8220;on|phone&#8220; module_alignment=&#8220;center&#8220; custom_margin=&#8220;0px||0px||false|false&#8220; custom_padding=&#8220;0px||0px||false|false&#8220; animation_style=&#8220;slide&#8220; animation_direction=&#8220;bottom&#8220; animation_intensity_slide=&#8220;2%&#8220; animation_speed_curve=&#8220;ease&#8220; header_font_size_tablet=&#8220;7vw&#8220; header_font_size_phone=&#8220;17vw&#8220; header_font_size_last_edited=&#8220;on|phone&#8220; inline_fonts=&#8220;blitz&#8220; global_colors_info=&#8220;{}&#8220;]<\/p>\n<h1 style=\"text-align: center;\">SERVICES<\/h1>\n<p>[\/et_pb_text][et_pb_text _builder_version=&#8220;4.27.2&#8243; _module_preset=&#8220;default&#8220; header_2_font=&#8220;hue-beta||||||||&#8220; header_2_text_color=&#8220;#000000&#8243; header_2_font_size=&#8220;5vw&#8220; header_2_letter_spacing=&#8220;-1px&#8220; custom_margin=&#8220;0px||||false|false&#8220; custom_padding=&#8220;0px||||false|false&#8220; animation_style=&#8220;slide&#8220; animation_direction=&#8220;bottom&#8220; animation_intensity_slide=&#8220;2%&#8220; animation_speed_curve=&#8220;ease&#8220; header_2_font_size_tablet=&#8220;12vw&#8220; header_2_font_size_phone=&#8220;10vw&#8220; header_2_font_size_last_edited=&#8220;on|tablet&#8220; header_2_letter_spacing_tablet=&#8220;-1px&#8220; header_2_letter_spacing_phone=&#8220;0px&#8220; header_2_letter_spacing_last_edited=&#8220;on|phone&#8220; global_colors_info=&#8220;{}&#8220;]<\/p>\n<h2 style=\"text-align: center;\"><span style=\"font-weight: 400;\">Was wir f\u00fcr dich tun k\u00f6nnen<\/span><\/h2>\n<p>[\/et_pb_text][\/et_pb_column][\/et_pb_row][et_pb_row _builder_version=&#8220;4.27.2&#8243; _module_preset=&#8220;default&#8220; width=&#8220;100%&#8220; max_width=&#8220;100%&#8220; custom_margin=&#8220;0px||||false|false&#8220; custom_padding=&#8220;0px||0px||false|false&#8220; border_radii=&#8220;on|16px|16px|16px|16px&#8220; border_radii_tablet=&#8220;on|16px|16px|16px|16px&#8220; border_radii_phone=&#8220;on|16px|16px|16px|16px&#8220; border_radii_last_edited=&#8220;on|phone&#8220; global_colors_info=&#8220;{}&#8220;][et_pb_column type=&#8220;4_4&#8243; _builder_version=&#8220;4.27.2&#8243; _module_preset=&#8220;default&#8220; global_colors_info=&#8220;{}&#8220;][et_pb_video src=&#8220;https:\/\/wearedelaisla.com\/wp-content\/uploads\/2024\/10\/Delaisla-Servicios-corregido-1.mp4&#8243; src_webm=&#8220;https:\/\/wearedelaisla.com\/wp-content\/uploads\/2024\/10\/Delaisla-Servicios-corregido.webm&#8220; image_src=&#8220;https:\/\/wearedelaisla.com\/wp-content\/uploads\/2024\/10\/Servicios_DeLaIsla.jpg&#8220; play_icon_color=&#8220;#FFFFFF&#8220; font_icon=&#8220;&#xf04b;||fa||900&#8243; use_icon_font_size=&#8220;on&#8220; icon_font_size=&#8220;20px&#8220; image_src_phone=&#8220;https:\/\/wearedelaisla.com\/wp-content\/uploads\/2024\/10\/Captura-de-pantalla-2024-10-26-a-las-23.05.12.png&#8220; image_src_last_edited=&#8220;off|desktop&#8220; _builder_version=&#8220;4.27.2&#8243; _module_preset=&#8220;default&#8220; global_colors_info=&#8220;{}&#8220;][\/et_pb_video][\/et_pb_column][\/et_pb_row][\/et_pb_section][et_pb_section fb_built=&#8220;1&#8243; custom_padding_last_edited=&#8220;off|desktop&#8220; module_id=&#8220;Video&#8220; _builder_version=&#8220;4.27.2&#8243; _module_preset=&#8220;default&#8220; background_color=&#8220;#F3A632&#8243; use_background_color_gradient=&#8220;on&#8220; background_color_gradient_stops=&#8220;#f3a632 50%|#ede9e3 100%&#8220; custom_margin=&#8220;||||false|false&#8220; custom_padding=&#8220;0px||80px||false|false&#8220; custom_padding_tablet=&#8220;80px||80px||true|false&#8220; custom_padding_phone=&#8220;20px||20px||true|false&#8220; bottom_divider_height=&#8220;60px&#8220; bottom_divider_repeat=&#8220;2x&#8220; bottom_divider_flip=&#8220;vertical|horizontal&#8220; locked=&#8220;off&#8220; global_colors_info=&#8220;{}&#8220;][et_pb_row custom_padding_last_edited=&#8220;on|phone&#8220; _builder_version=&#8220;4.27.2&#8243; _module_preset=&#8220;default&#8220; width=&#8220;70%&#8220; width_tablet=&#8220;70%&#8220; width_phone=&#8220;80%&#8220; width_last_edited=&#8220;on|phone&#8220; max_width=&#8220;1300px&#8220; module_alignment=&#8220;center&#8220; custom_margin_tablet=&#8220;0px||55px||false|false&#8220; custom_margin_phone=&#8220;||42px||false|false&#8220; custom_margin_last_edited=&#8220;off|desktop&#8220; custom_padding=&#8220;5%||||false|false&#8220; custom_padding_tablet=&#8220;5%||||false|false&#8220; custom_padding_phone=&#8220;10%||||false|false&#8220; animation_style=&#8220;slide&#8220; animation_direction=&#8220;bottom&#8220; locked=&#8220;off&#8220; global_colors_info=&#8220;{}&#8220;][et_pb_column type=&#8220;4_4&#8243; _builder_version=&#8220;4.22.0&#8243; _module_preset=&#8220;default&#8220; global_colors_info=&#8220;{}&#8220;][et_pb_text _builder_version=&#8220;4.27.2&#8243; _module_preset=&#8220;default&#8220; text_font=&#8220;Plus Jakarta Sans||||||||&#8220; text_text_color=&#8220;#000000&#8243; text_font_size=&#8220;24px&#8220; text_line_height=&#8220;1.4em&#8220; header_2_font=&#8220;hue-beta|700||on|||||&#8220; header_2_text_align=&#8220;center&#8220; header_2_text_color=&#8220;#000000&#8243; header_2_font_size=&#8220;32px&#8220; header_2_letter_spacing=&#8220;2px&#8220; header_3_font=&#8220;hue-beta|700|||||||&#8220; header_3_text_align=&#8220;center&#8220; header_3_font_size=&#8220;2vw&#8220; header_3_letter_spacing=&#8220;2px&#8220; custom_margin=&#8220;0px||2%||false|false&#8220; custom_padding=&#8220;0px||0px||false|false&#8220; text_font_size_tablet=&#8220;15px&#8220; text_font_size_phone=&#8220;13px&#8220; text_font_size_last_edited=&#8220;on|phone&#8220; header_2_font_size_tablet=&#8220;28px&#8220; header_2_font_size_phone=&#8220;24px&#8220; header_2_font_size_last_edited=&#8220;on|phone&#8220; global_colors_info=&#8220;{}&#8220;]<\/p>\n<div class=\"fe-block fe-block-bd53e4e02914ad97e422\">\n<div class=\"sqs-block html-block sqs-block-html\" data-block-type=\"2\" data-border-radii=\"{&quot;topLeft&quot;:{&quot;unit&quot;:&quot;px&quot;,&quot;value&quot;:0.0},&quot;topRight&quot;:{&quot;unit&quot;:&quot;px&quot;,&quot;value&quot;:0.0},&quot;bottomLeft&quot;:{&quot;unit&quot;:&quot;px&quot;,&quot;value&quot;:0.0},&quot;bottomRight&quot;:{&quot;unit&quot;:&quot;px&quot;,&quot;value&quot;:0.0}}\" id=\"block-bd53e4e02914ad97e422\">\n<div class=\"sqs-block-content\">\n<div class=\"sqs-html-content\">\n<h2 class=\"sqsrte-large preFlex flexIn fontsninja-font\" data-ninja-font=\"neuehaasgrotesktextpro_regular_normal\"><b>Deine Zeit, unsere Priorit\u00e4t<\/b><\/h2>\n<\/div>\n<\/div>\n<\/div>\n<\/div>\n<p>[\/et_pb_text][et_pb_text _builder_version=&#8220;4.27.3&#8243; _module_preset=&#8220;default&#8220; text_font=&#8220;Lato||||||||&#8220; text_text_color=&#8220;#000000&#8243; text_font_size=&#8220;20px&#8220; text_line_height=&#8220;1.4em&#8220; text_orientation=&#8220;justified&#8220; max_width=&#8220;620px&#8220; module_alignment=&#8220;center&#8220; custom_margin=&#8220;0px||5%||false|false&#8220; custom_padding=&#8220;0px||0px||false|false&#8220; hover_enabled=&#8220;0&#8243; text_font_size_tablet=&#8220;15px&#8220; text_font_size_phone=&#8220;18px&#8220; text_font_size_last_edited=&#8220;on|phone&#8220; global_colors_info=&#8220;{}&#8220; sticky_enabled=&#8220;0&#8243;]<\/p>\n<div class=\"fe-block fe-block-bd53e4e02914ad97e422\">\n<div class=\"sqs-block html-block sqs-block-html\" data-block-type=\"2\" data-border-radii=\"{&quot;topLeft&quot;:{&quot;unit&quot;:&quot;px&quot;,&quot;value&quot;:0.0},&quot;topRight&quot;:{&quot;unit&quot;:&quot;px&quot;,&quot;value&quot;:0.0},&quot;bottomLeft&quot;:{&quot;unit&quot;:&quot;px&quot;,&quot;value&quot;:0.0},&quot;bottomRight&quot;:{&quot;unit&quot;:&quot;px&quot;,&quot;value&quot;:0.0}}\" id=\"block-bd53e4e02914ad97e422\">\n<div class=\"sqs-block-content\">\n<div class=\"sqs-html-content\">\n<div class=\"fe-block fe-block-bd53e4e02914ad97e422\">\n<div class=\"sqs-block html-block sqs-block-html\" data-block-type=\"2\" data-border-radii=\"{&quot;topLeft&quot;:{&quot;unit&quot;:&quot;px&quot;,&quot;value&quot;:0.0},&quot;topRight&quot;:{&quot;unit&quot;:&quot;px&quot;,&quot;value&quot;:0.0},&quot;bottomLeft&quot;:{&quot;unit&quot;:&quot;px&quot;,&quot;value&quot;:0.0},&quot;bottomRight&quot;:{&quot;unit&quot;:&quot;px&quot;,&quot;value&quot;:0.0}}\" id=\"block-bd53e4e02914ad97e422\">\n<div class=\"sqs-block-content\">\n<div class=\"sqs-html-content\">\n<p style=\"text-align: center;\"><b>Wir sind dein vertrauensw\u00fcrdiges Concierge-Team auf Mallorca<\/b><span>\u00a0und wie wir hier sagen: \u201eSabem on se colga el dimoni\u201c (\u201cwir wissen, wo der Teufel schl\u00e4ft\u201d auf Mallorquinisch). Diese Insel hat f\u00fcr uns keine Geheimnisse \u2013 wir kennen jeden Winkel und die Geschichten, die auf keiner Karte zu finden sind.\u00a0<\/span><b>Unser einzigartiges Netzwerk \u00f6ffnet T\u00fcren zu Erlebnissen, die nur ein Einheimischer bieten kann.<\/b><span>\u00a0Unser Anspruch ist es, dir Mallorca mit Respekt und bewusstem Genuss zu zeigen, damit du dich hier wie ein Einheimischer f\u00fchlen kannst. Wir m\u00f6chten deinen Urlaub, deine Veranstaltungen oder Kurztrips in unvergessliche Momente verwandeln und k\u00fcmmern uns um jedes Detail, damit du dich einfach nur aufs Genie\u00dfen konzentrieren kannst.<\/span><\/p>\n<\/div>\n<\/div>\n<\/div>\n<\/div>\n<\/div>\n<\/div>\n<\/div>\n<\/div>\n<p>[\/et_pb_text][et_pb_toggle title=&#8220;Das Beste von Mallorca, nur f\u00fcr Dich&#8220; open_toggle_text_color=&#8220;#000000&#8243; closed_toggle_text_color=&#8220;#000000&#8243; icon_color=&#8220;#000000&#8243; toggle_icon=&#8220;&#xf06e;||fa||400&#8243; open_icon_color=&#8220;#000000&#8243; open_toggle_icon=&#8220;&#xf06e;||fa||900&#8243; _builder_version=&#8220;4.27.2&#8243; _module_preset=&#8220;default&#8220; title_text_color=&#8220;#000000&#8243; title_font=&#8220;hue-beta|700||on|||||&#8220; title_text_align=&#8220;center&#8220; title_font_size=&#8220;20px&#8220; title_letter_spacing=&#8220;2px&#8220; closed_title_font=&#8220;hue-beta|||on|||||&#8220; closed_title_text_align=&#8220;center&#8220; closed_title_font_size=&#8220;20px&#8220; body_font=&#8220;Lato||||||||&#8220; body_text_align=&#8220;center&#8220; body_text_color=&#8220;#000000&#8243; body_font_size=&#8220;16px&#8220; body_line_height=&#8220;1.4em&#8220; background_color=&#8220;RGBA(255,255,255,0)&#8220; border_width_all=&#8220;0px&#8220; border_width_bottom=&#8220;1px&#8220; border_color_bottom=&#8220;#000000&#8243; global_colors_info=&#8220;{}&#8220;]<\/p>\n<p style=\"text-align: center;\"><span style=\"font-weight: 400;\">Wir organisieren f\u00fcr Dich die Anmietung au\u00dfergew\u00f6hnlicher Villen, Reservierungen in versteckten Restaurants, privaten Transport und exklusive Charter \u2013 sei es auf einem charmanten Lla\u00fct oder einer luxuri\u00f6sen Yacht. Dar\u00fcber hinaus k\u00fcmmern wir uns um jedes Detail: vom Bef\u00fcllen des K\u00fchlschranks mit frischen Produkten \u00fcber Yoga am Pool, gef\u00fchrte Ausfl\u00fcge, bis hin zu besonderen Abendessen an authentischen Orten. Ob ein Abend auf einem privaten Segelboot mit einem Koch, der ein unvergessliches Dinner zaubert und einem Akustikkonzert unter dem Sternenhimmel, oder ein Geburtstagswochenende mit allem Drum und Dran. <\/span><b>Was auch immer Du ben\u00f6tigst, wir setzen es um.<\/b><\/p>\n<p>[\/et_pb_toggle][et_pb_toggle title=&#8220;Unsere exklusivsten Angebote&#8220; open_toggle_text_color=&#8220;#000000&#8243; closed_toggle_text_color=&#8220;#000000&#8243; icon_color=&#8220;#000000&#8243; toggle_icon=&#8220;&#xf06e;||fa||400&#8243; open_icon_color=&#8220;#000000&#8243; open_toggle_icon=&#8220;&#xf06e;||fa||900&#8243; _builder_version=&#8220;4.27.2&#8243; _module_preset=&#8220;default&#8220; title_text_color=&#8220;#000000&#8243; title_font=&#8220;hue-beta|700||on|||||&#8220; title_text_align=&#8220;center&#8220; title_font_size=&#8220;20px&#8220; title_letter_spacing=&#8220;2px&#8220; closed_title_font=&#8220;hue-beta|||on|||||&#8220; closed_title_text_align=&#8220;center&#8220; closed_title_font_size=&#8220;20px&#8220; body_font=&#8220;Lato||||||||&#8220; body_text_align=&#8220;center&#8220; body_text_color=&#8220;#000000&#8243; body_font_size=&#8220;16px&#8220; body_line_height=&#8220;1.4em&#8220; background_color=&#8220;RGBA(255,255,255,0)&#8220; border_width_all=&#8220;0px&#8220; border_width_bottom=&#8220;1px&#8220; border_color_bottom=&#8220;#000000&#8243; global_colors_info=&#8220;{}&#8220;]<\/p>\n<p style=\"text-align: center;\"><span style=\"font-weight: 400;\">Unser oberstes Ziel ist es, Dir einen sorgenfreien Urlaub zu erm\u00f6glichen. Wir k\u00fcmmern uns um jeden Aspekt Deines Aufenthalts von Anfang bis Ende, erf\u00fcllen jeden Wunsch und planen alles mit gr\u00f6\u00dfter Sorgfalt. Alles, was Du tun musst, ist, Dich zu entspannen und die Insel in vollen Z\u00fcgen zu genie\u00dfen \u2013 in dem Wissen, dass jeder Moment nur f\u00fcr Dich gestaltet wurde und kein Detail \u00fcbersehen wird. <\/span><b>Kurz gesagt: <\/b><b><i>t&#8217;ho donam tot fet<\/i><\/b><b> (\u201eWir \u00fcbernehmen alles f\u00fcr Dich\u201c auf Mallorquinisch).<\/b><\/p>\n<p>[\/et_pb_toggle][et_pb_toggle title=&#8220;You name it, we make it&#8220; open_toggle_text_color=&#8220;#000000&#8243; closed_toggle_text_color=&#8220;#000000&#8243; icon_color=&#8220;#000000&#8243; toggle_icon=&#8220;&#xf06e;||fa||400&#8243; open_icon_color=&#8220;#000000&#8243; open_toggle_icon=&#8220;&#xf06e;||fa||900&#8243; _builder_version=&#8220;4.27.2&#8243; _module_preset=&#8220;default&#8220; title_text_color=&#8220;#000000&#8243; title_font=&#8220;hue-beta|700||on|||||&#8220; title_text_align=&#8220;center&#8220; title_font_size=&#8220;20px&#8220; title_letter_spacing=&#8220;2px&#8220; closed_title_font=&#8220;hue-beta|||on|||||&#8220; closed_title_text_align=&#8220;center&#8220; closed_title_font_size=&#8220;20px&#8220; body_font=&#8220;Lato||||||||&#8220; body_text_align=&#8220;center&#8220; body_text_color=&#8220;#000000&#8243; body_font_size=&#8220;16px&#8220; body_line_height=&#8220;1.4em&#8220; background_color=&#8220;RGBA(255,255,255,0)&#8220; border_width_all=&#8220;0px&#8220; border_width_bottom=&#8220;1px&#8220; border_color_bottom=&#8220;#000000&#8243; global_colors_info=&#8220;{}&#8220;]<\/p>\n<p style=\"text-align: center;\"><span style=\"font-weight: 400;\">Lass Deinen Ideen freien Lauf \u2013 ob es etwas ist, wovon Du schon immer getr\u00e4umt hast, oder eine spontane Anfrage. Wir sind hier, um es Wirklichkeit werden zu lassen. Schick uns eine <\/span><a href=\"https:\/\/wearedelaisla.com\/de\/kontakt\/\"><b>Nachricht<\/b><\/a><span style=\"font-weight: 400;\"> und erz\u00e4hl uns, was Dir vorschwebt. <\/span><b>Wir sorgen daf\u00fcr, dass Deine Vision Realit\u00e4t wird, damit Du Dich ganz aufs Entspannen und eine <\/b><b><i>Siesta<\/i><\/b><b> in der Sonne konzentrieren kannst,<\/b><span style=\"font-weight: 400;\"> w\u00e4hrend wir uns um jedes Detail k\u00fcmmern.<\/span><\/p>\n<p>[\/et_pb_toggle][et_pb_button button_url=&#8220;https:\/\/wearedelaisla.com\/de\/uber-uns\/&#8220; button_text=&#8220;Mehr erfahren&#8220; button_alignment=&#8220;center&#8220; button_alignment_tablet=&#8220;left&#8220; button_alignment_phone=&#8220;center&#8220; button_alignment_last_edited=&#8220;on|tablet&#8220; _builder_version=&#8220;4.27.2&#8243; _module_preset=&#8220;default&#8220; custom_button=&#8220;on&#8220; button_text_size=&#8220;12px&#8220; button_text_color=&#8220;#000000&#8243; button_bg_color=&#8220;RGBA(255,255,255,0)&#8220; button_border_width=&#8220;1px&#8220; button_border_color=&#8220;#000000&#8243; button_border_radius=&#8220;50px&#8220; button_letter_spacing=&#8220;2px&#8220; button_font=&#8220;Lato|900||on|||||&#8220; button_use_icon=&#8220;off&#8220; custom_margin=&#8220;0px|0px|0px|0px|false|false&#8220; custom_margin_tablet=&#8220;0px|0px|0px|0px|false|false&#8220; custom_margin_phone=&#8220;0px|0px|0px|0px|false|false&#8220; custom_margin_last_edited=&#8220;off|desktop&#8220; custom_padding=&#8220;19px|47px|19px|47px|true|true&#8220; animation_style=&#8220;fade&#8220; custom_css_main_element=&#8220;display:inline-block;||vertical-align:5.6vw;||||animation-name: updown;||    animation-duration: 3s;||    animation-iteration-count: infinite;||    animation-timing-function: ease-in-out;||    margin-left: 0px;||    margin-top: 0px;||}||||@keyframes updown {||    from { transform: translate(0,  15px); }||    50%  { transform: translate(0, -15px); }||    to   { transform: translate(0, 15px); }    ||&#8220; locked=&#8220;off&#8220; global_colors_info=&#8220;{}&#8220; button_bg_color__hover_enabled=&#8220;on|hover&#8220; button_bg_color__hover=&#8220;#FFFFFF&#8220; button_bg_enable_color__hover=&#8220;on&#8220; button_border_color__hover_enabled=&#8220;on|hover&#8220; button_border_color__hover=&#8220;#FFFFFF&#8220;][\/et_pb_button][\/et_pb_column][\/et_pb_row][\/et_pb_section]<\/p>\n","protected":false},"excerpt":{"rendered":"<p>SERVICESWas wir f\u00fcr dich tun k\u00f6nnen Deine Zeit, unsere Priorit\u00e4t Wir sind dein vertrauensw\u00fcrdiges Concierge-Team auf Mallorca\u00a0und wie wir hier sagen: \u201eSabem on se colga el dimoni\u201c (\u201cwir wissen, wo der Teufel schl\u00e4ft\u201d auf Mallorquinisch). Diese Insel hat f\u00fcr uns keine Geheimnisse \u2013 wir kennen jeden Winkel und die Geschichten, die auf keiner Karte zu [&hellip;]<\/p>\n","protected":false},"author":1,"featured_media":0,"parent":0,"menu_order":0,"comment_status":"closed","ping_status":"closed","template":"","meta":{"_et_pb_use_builder":"on","_et_pb_old_content":"","_et_gb_content_width":"","footnotes":""},"class_list":["post-729","page","type-page","status-publish","hentry"],"yoast_head":"<!-- This site is optimized with the Yoast SEO plugin v27.4 - https:\/\/yoast.com\/product\/yoast-seo-wordpress\/ -->\n<title>Services, Veranstaltungen auf Mallorca | DeLaIsla<\/title>\n<meta name=\"description\" content=\"M\u00f6chten Sie eine Veranstaltung wie keine andere? Entdecken Sie die verf\u00fcgbaren Dienstleistungen und vereinbaren Sie einen Termin mit unserem Team. Gehen Sie \u00fcber das Gew\u00f6hnliche hinaus.\" \/>\n<meta name=\"robots\" content=\"index, follow, max-snippet:-1, max-image-preview:large, max-video-preview:-1\" \/>\n<link rel=\"canonical\" href=\"https:\/\/wearedelaisla.com\/de\/services\/\" \/>\n<meta property=\"og:locale\" content=\"de_DE\" \/>\n<meta property=\"og:type\" content=\"article\" \/>\n<meta property=\"og:title\" content=\"Services, Veranstaltungen auf Mallorca | DeLaIsla\" \/>\n<meta property=\"og:description\" content=\"M\u00f6chten Sie eine Veranstaltung wie keine andere? Entdecken Sie die verf\u00fcgbaren Dienstleistungen und vereinbaren Sie einen Termin mit unserem Team. Gehen Sie \u00fcber das Gew\u00f6hnliche hinaus.\" \/>\n<meta property=\"og:url\" content=\"https:\/\/wearedelaisla.com\/de\/services\/\" \/>\n<meta property=\"og:site_name\" content=\"Delaisla\" \/>\n<meta property=\"article:modified_time\" content=\"2024-11-20T12:05:14+00:00\" \/>\n<meta name=\"twitter:card\" content=\"summary_large_image\" \/>\n<meta name=\"twitter:label1\" content=\"Gesch\u00e4tzte Lesezeit\" \/>\n\t<meta name=\"twitter:data1\" content=\"3\u00a0Minuten\" \/>\n<script type=\"application\/ld+json\" class=\"yoast-schema-graph\">{\"@context\":\"https:\\\/\\\/schema.org\",\"@graph\":[{\"@type\":\"WebPage\",\"@id\":\"https:\\\/\\\/wearedelaisla.com\\\/de\\\/services\\\/\",\"url\":\"https:\\\/\\\/wearedelaisla.com\\\/de\\\/services\\\/\",\"name\":\"Services, Veranstaltungen auf Mallorca | DeLaIsla\",\"isPartOf\":{\"@id\":\"https:\\\/\\\/wearedelaisla.com\\\/de\\\/#website\"},\"datePublished\":\"2024-07-12T13:32:42+00:00\",\"dateModified\":\"2024-11-20T12:05:14+00:00\",\"description\":\"M\u00f6chten Sie eine Veranstaltung wie keine andere? Entdecken Sie die verf\u00fcgbaren Dienstleistungen und vereinbaren Sie einen Termin mit unserem Team. Gehen Sie \u00fcber das Gew\u00f6hnliche hinaus.\",\"breadcrumb\":{\"@id\":\"https:\\\/\\\/wearedelaisla.com\\\/de\\\/services\\\/#breadcrumb\"},\"inLanguage\":\"de\",\"potentialAction\":[{\"@type\":\"ReadAction\",\"target\":[\"https:\\\/\\\/wearedelaisla.com\\\/de\\\/services\\\/\"]}]},{\"@type\":\"BreadcrumbList\",\"@id\":\"https:\\\/\\\/wearedelaisla.com\\\/de\\\/services\\\/#breadcrumb\",\"itemListElement\":[{\"@type\":\"ListItem\",\"position\":1,\"name\":\"Portada\",\"item\":\"https:\\\/\\\/wearedelaisla.com\\\/de\\\/\"},{\"@type\":\"ListItem\",\"position\":2,\"name\":\"Services\"}]},{\"@type\":\"WebSite\",\"@id\":\"https:\\\/\\\/wearedelaisla.com\\\/de\\\/#website\",\"url\":\"https:\\\/\\\/wearedelaisla.com\\\/de\\\/\",\"name\":\"Delaisla\",\"description\":\"Eventos hay muchos, pero como el que podemos organizar nosotros, pocos.\",\"potentialAction\":[{\"@type\":\"SearchAction\",\"target\":{\"@type\":\"EntryPoint\",\"urlTemplate\":\"https:\\\/\\\/wearedelaisla.com\\\/de\\\/?s={search_term_string}\"},\"query-input\":{\"@type\":\"PropertyValueSpecification\",\"valueRequired\":true,\"valueName\":\"search_term_string\"}}],\"inLanguage\":\"de\"}]}<\/script>\n<!-- \/ Yoast SEO plugin. -->","yoast_head_json":{"title":"Services, Veranstaltungen auf Mallorca | DeLaIsla","description":"M\u00f6chten Sie eine Veranstaltung wie keine andere? Entdecken Sie die verf\u00fcgbaren Dienstleistungen und vereinbaren Sie einen Termin mit unserem Team. Gehen Sie \u00fcber das Gew\u00f6hnliche hinaus.","robots":{"index":"index","follow":"follow","max-snippet":"max-snippet:-1","max-image-preview":"max-image-preview:large","max-video-preview":"max-video-preview:-1"},"canonical":"https:\/\/wearedelaisla.com\/de\/services\/","og_locale":"de_DE","og_type":"article","og_title":"Services, Veranstaltungen auf Mallorca | DeLaIsla","og_description":"M\u00f6chten Sie eine Veranstaltung wie keine andere? Entdecken Sie die verf\u00fcgbaren Dienstleistungen und vereinbaren Sie einen Termin mit unserem Team. Gehen Sie \u00fcber das Gew\u00f6hnliche hinaus.","og_url":"https:\/\/wearedelaisla.com\/de\/services\/","og_site_name":"Delaisla","article_modified_time":"2024-11-20T12:05:14+00:00","twitter_card":"summary_large_image","twitter_misc":{"Gesch\u00e4tzte Lesezeit":"3\u00a0Minuten"},"schema":{"@context":"https:\/\/schema.org","@graph":[{"@type":"WebPage","@id":"https:\/\/wearedelaisla.com\/de\/services\/","url":"https:\/\/wearedelaisla.com\/de\/services\/","name":"Services, Veranstaltungen auf Mallorca | DeLaIsla","isPartOf":{"@id":"https:\/\/wearedelaisla.com\/de\/#website"},"datePublished":"2024-07-12T13:32:42+00:00","dateModified":"2024-11-20T12:05:14+00:00","description":"M\u00f6chten Sie eine Veranstaltung wie keine andere? Entdecken Sie die verf\u00fcgbaren Dienstleistungen und vereinbaren Sie einen Termin mit unserem Team. Gehen Sie \u00fcber das Gew\u00f6hnliche hinaus.","breadcrumb":{"@id":"https:\/\/wearedelaisla.com\/de\/services\/#breadcrumb"},"inLanguage":"de","potentialAction":[{"@type":"ReadAction","target":["https:\/\/wearedelaisla.com\/de\/services\/"]}]},{"@type":"BreadcrumbList","@id":"https:\/\/wearedelaisla.com\/de\/services\/#breadcrumb","itemListElement":[{"@type":"ListItem","position":1,"name":"Portada","item":"https:\/\/wearedelaisla.com\/de\/"},{"@type":"ListItem","position":2,"name":"Services"}]},{"@type":"WebSite","@id":"https:\/\/wearedelaisla.com\/de\/#website","url":"https:\/\/wearedelaisla.com\/de\/","name":"Delaisla","description":"Eventos hay muchos, pero como el que podemos organizar nosotros, pocos.","potentialAction":[{"@type":"SearchAction","target":{"@type":"EntryPoint","urlTemplate":"https:\/\/wearedelaisla.com\/de\/?s={search_term_string}"},"query-input":{"@type":"PropertyValueSpecification","valueRequired":true,"valueName":"search_term_string"}}],"inLanguage":"de"}]}},"_links":{"self":[{"href":"https:\/\/wearedelaisla.com\/de\/wp-json\/wp\/v2\/pages\/729","targetHints":{"allow":["GET"]}}],"collection":[{"href":"https:\/\/wearedelaisla.com\/de\/wp-json\/wp\/v2\/pages"}],"about":[{"href":"https:\/\/wearedelaisla.com\/de\/wp-json\/wp\/v2\/types\/page"}],"author":[{"embeddable":true,"href":"https:\/\/wearedelaisla.com\/de\/wp-json\/wp\/v2\/users\/1"}],"replies":[{"embeddable":true,"href":"https:\/\/wearedelaisla.com\/de\/wp-json\/wp\/v2\/comments?post=729"}],"version-history":[{"count":35,"href":"https:\/\/wearedelaisla.com\/de\/wp-json\/wp\/v2\/pages\/729\/revisions"}],"predecessor-version":[{"id":1391,"href":"https:\/\/wearedelaisla.com\/de\/wp-json\/wp\/v2\/pages\/729\/revisions\/1391"}],"wp:attachment":[{"href":"https:\/\/wearedelaisla.com\/de\/wp-json\/wp\/v2\/media?parent=729"}],"curies":[{"name":"wp","href":"https:\/\/api.w.org\/{rel}","templated":true}]}}